{"id":590,"date":"2025-03-03T18:26:11","date_gmt":"2025-03-03T17:26:11","guid":{"rendered":"https:\/\/potenciadoktor.com\/?page_id=590"},"modified":"2026-02-24T09:49:27","modified_gmt":"2026-02-24T08:49:27","slug":"szallitasi-informaciok","status":"publish","type":"page","link":"https:\/\/potenciadoktor.com\/de\/szallitasi-informaciok\/","title":{"rendered":"Informationen zur Lieferung"},"content":{"rendered":"<h2><b>Sz\u00e1ll\u00edt\u00e1si Inform\u00e1ci\u00f3k \u2013 Gyors, diszkr\u00e9t \u00e9s biztons\u00e1gos k\u00e9zbes\u00edt\u00e9s<\/b><\/h2>\n<h3><b>\ud83d\ude9a <\/b><b>Sz\u00e1ll\u00edt\u00e1si Id\u0151<\/b><\/h3>\n<p class=\"p3\">Rendel\u00e9sed feldolgoz\u00e1sa ut\u00e1n a csomagot <span class=\"s2\"><b>\u00e1ltal\u00e1ban 1\u20132 munkanapon bel\u00fcl<\/b><\/span> k\u00e9zhez kapod Magyarorsz\u00e1g b\u00e1rmely pontj\u00e1n. Gyorsas\u00e1gunknak k\u00f6sz\u00f6nhet\u0151en ak\u00e1r m\u00e1r m\u00e1snap \u00e9lvezheted a hat\u00e1st.<\/p>\n<h3><b>\ud83d\udce6 <\/b><b>El\u00e9rhet\u0151 Sz\u00e1ll\u00edt\u00e1si M\u00f3dok<\/b><\/h3>\n<ul>\n<li>\n<p class=\"p1\"><span class=\"s1\"><b>Foxpost Csomagautomata<\/b><\/span> \u2013 Gyors \u00e9s rugalmas \u00e1tv\u00e9tel az orsz\u00e1g legt\u00f6bb pontj\u00e1n. Diszkr\u00e9ten \u00e9s n\u00e9v n\u00e9lk\u00fcl.<\/p>\n<\/li>\n<li>\n<p class=\"p1\"><span class=\"s1\"><b>MPL Csomagautomata<\/b><\/span> \u2013 Postai automat\u00e1ba t\u00f6rt\u00e9n\u0151 kisz\u00e1ll\u00edt\u00e1s, ha a postahivatalhoz k\u00f6zelebb vagy otthonr\u00f3l t\u00e1volabb szeretn\u00e9d \u00e1tvenni.<\/p>\n<\/li>\n<\/ul>\n<h3><b>\ud83d\udd12 <\/b><b>Diszkr\u00e9t Csomagol\u00e1s \u2013 Teljes biztons\u00e1gban<\/b><\/h3>\n<p class=\"p3\">A rendel\u00e9sedet <span class=\"s2\"><b>semleges, felirat n\u00e9lk\u00fcli csomagol\u00e1sban<\/b><\/span> k\u00fcldj\u00fck. Sem a fut\u00e1r, sem a k\u00f6rnyezeted nem tudja, mit tartalmaz a k\u00fcldem\u00e9ny \u2013 \u00edgy <span class=\"s2\"><b>teljes diszkr\u00e9ci\u00f3ban v\u00e1s\u00e1rolhatsz<\/b><\/span>.<\/p>\n<h3><b>\u2139\ufe0f <\/b><b>Tov\u00e1bbi Fontos Tudnival\u00f3k<\/b><\/h3>\n<ul>\n<li>\n<p class=\"p1\"><span class=\"s1\"><b>Online bestellen<\/b><\/span>: Csak web\u00e1ruh\u00e1zon kereszt\u00fcl rendelhetsz. Szem\u00e9lyes vagy telefonos rendel\u00e9sre nincs lehet\u0151s\u00e9g.<\/p>\n<\/li>\n<li>\n<p class=\"p1\"><b>Sz\u00e1ll\u00edt\u00e1si ter\u00fclet<\/b><span class=\"s1\">: Szolg\u00e1ltat\u00e1sunk <\/span><b>Magyarorsz\u00e1g eg\u00e9sz ter\u00fclet\u00e9n<\/b><span class=\"s1\"> el\u00e9rhet\u0151.<\/span><\/p>\n<\/li>\n<\/ul>\n<p><b>\ud83c\udfaf <\/b><b>Mi\u00e9rt v\u00e1laszd a mi sz\u00e1ll\u00edt\u00e1sunkat?<\/b><\/p>\n<ul>\n<li>\n<p class=\"p1\">\u2705 Diszkr\u00e9t, n\u00e9v n\u00e9lk\u00fcli csomagol\u00e1s<\/p>\n<\/li>\n<li>\n<p class=\"p1\">\u2705 Gyors kisz\u00e1ll\u00edt\u00e1s \u2013 ak\u00e1r 24 \u00f3r\u00e1n bel\u00fcl<\/p>\n<\/li>\n<li>\n<p class=\"p1\">\u2705 Foxpost \u00e9s MPL automat\u00e1k, rugalmas \u00e1tv\u00e9tel<\/p>\n<\/li>\n<li>\n<p class=\"p1\">\u2705 Biztons\u00e1gos, anonim v\u00e1s\u00e1rl\u00e1s potencian\u00f6vel\u0151 term\u00e9kekhez<\/p>\n<\/li>\n<\/ul>\n<blockquote><p>\u2705 <span class=\"s1\"><b>K\u00e9szen \u00e1llsz a rendel\u00e9sre?<\/b><\/span> Kattints ide: <a href=\"https:\/\/potenciadoktor.com\/de\/kamagra-rendeles\/\">Kamagra rendel\u00e9s most<\/a><\/p><\/blockquote>","protected":false},"excerpt":{"rendered":"<p>Sz\u00e1ll\u00edt\u00e1si Inform\u00e1ci\u00f3k \u2013 Gyors, diszkr\u00e9t \u00e9s biztons\u00e1gos k\u00e9zbes\u00edt\u00e9s \ud83d\ude9a Sz\u00e1ll\u00edt\u00e1si Id\u0151 Rendel\u00e9sed feldolgoz\u00e1sa ut\u00e1n a csomagot \u00e1ltal\u00e1ban 1\u20132 munkanapon bel\u00fcl k\u00e9zhez kapod Magyarorsz\u00e1g b\u00e1rmely pontj\u00e1n. Gyorsas\u00e1gunknak k\u00f6sz\u00f6nhet\u0151en ak\u00e1r m\u00e1r m\u00e1snap \u00e9lvezheted a hat\u00e1st. \ud83d\udce6 El\u00e9rhet\u0151 Sz\u00e1ll\u00edt\u00e1si M\u00f3dok Foxpost Csomagautomata \u2013 Gyors \u00e9s rugalmas \u00e1tv\u00e9tel az orsz\u00e1g legt\u00f6bb pontj\u00e1n. Diszkr\u00e9ten \u00e9s n\u00e9v n\u00e9lk\u00fcl. MPL Csomagautomata \u2013 [&hellip;]<\/p>\n","protected":false},"author":1,"featured_media":0,"parent":0,"menu_order":0,"comment_status":"closed","ping_status":"closed","template":"","meta":{"footnotes":""},"class_list":["post-590","page","type-page","status-publish","hentry"],"yoast_head":"<!-- This site is optimized with the Yoast SEO plugin v27.3 - https:\/\/yoast.com\/product\/yoast-seo-wordpress\/ -->\n<title>Sz\u00e1ll\u00edt\u00e1si inform\u00e1ci\u00f3k - Potencia Doktor<\/title>\n<meta name=\"description\" content=\"Sz\u00e1ll\u00edt\u00e1si Inform\u00e1ci\u00f3k \u2013 Gyors, diszkr\u00e9t \u00e9s biztons\u00e1gos k\u00e9zbes\u00edt\u00e9s \ud83d\ude9a Sz\u00e1ll\u00edt\u00e1si Id\u0151 Rendel\u00e9sed feldolgoz\u00e1sa ut\u00e1n a csomagot \u00e1ltal\u00e1ban 1\u20132 munkanapon bel\u00fcl\" \/>\n<meta name=\"robots\" content=\"index, follow, max-snippet:-1, max-image-preview:large, max-video-preview:-1\" \/>\n<link rel=\"canonical\" href=\"https:\/\/potenciadoktor.com\/de\/szallitasi-informaciok\/\" \/>\n<meta property=\"og:locale\" content=\"de_DE\" \/>\n<meta property=\"og:type\" content=\"article\" \/>\n<meta property=\"og:title\" content=\"Sz\u00e1ll\u00edt\u00e1si inform\u00e1ci\u00f3k - Potencia Doktor\" \/>\n<meta property=\"og:description\" content=\"Sz\u00e1ll\u00edt\u00e1si Inform\u00e1ci\u00f3k \u2013 Gyors, diszkr\u00e9t \u00e9s biztons\u00e1gos k\u00e9zbes\u00edt\u00e9s \ud83d\ude9a Sz\u00e1ll\u00edt\u00e1si Id\u0151 Rendel\u00e9sed feldolgoz\u00e1sa ut\u00e1n a csomagot \u00e1ltal\u00e1ban 1\u20132 munkanapon bel\u00fcl\" \/>\n<meta property=\"og:url\" content=\"https:\/\/potenciadoktor.com\/de\/szallitasi-informaciok\/\" \/>\n<meta property=\"og:site_name\" content=\"Potencia Doktor\" \/>\n<meta property=\"article:modified_time\" content=\"2026-02-24T08:49:27+00:00\" \/>\n<meta name=\"twitter:card\" content=\"summary_large_image\" \/>\n<meta name=\"twitter:label1\" content=\"Gesch\u00e4tzte Lesezeit\" \/>\n\t<meta name=\"twitter:data1\" content=\"1\u00a0Minute\" \/>\n<script type=\"application\/ld+json\" class=\"yoast-schema-graph\">{\"@context\":\"https:\\\/\\\/schema.org\",\"@graph\":[{\"@type\":\"WebPage\",\"@id\":\"https:\\\/\\\/potenciadoktor.com\\\/szallitasi-informaciok\\\/\",\"url\":\"https:\\\/\\\/potenciadoktor.com\\\/szallitasi-informaciok\\\/\",\"name\":\"Sz\u00e1ll\u00edt\u00e1si inform\u00e1ci\u00f3k - Potencia Doktor\",\"isPartOf\":{\"@id\":\"https:\\\/\\\/potenciadoktor.com\\\/#website\"},\"datePublished\":\"2025-03-03T17:26:11+00:00\",\"dateModified\":\"2026-02-24T08:49:27+00:00\",\"description\":\"Sz\u00e1ll\u00edt\u00e1si Inform\u00e1ci\u00f3k \u2013 Gyors, diszkr\u00e9t \u00e9s biztons\u00e1gos k\u00e9zbes\u00edt\u00e9s \ud83d\ude9a Sz\u00e1ll\u00edt\u00e1si Id\u0151 Rendel\u00e9sed feldolgoz\u00e1sa ut\u00e1n a csomagot \u00e1ltal\u00e1ban 1\u20132 munkanapon bel\u00fcl\",\"breadcrumb\":{\"@id\":\"https:\\\/\\\/potenciadoktor.com\\\/szallitasi-informaciok\\\/#breadcrumb\"},\"inLanguage\":\"de\",\"potentialAction\":[{\"@type\":\"ReadAction\",\"target\":[\"https:\\\/\\\/potenciadoktor.com\\\/szallitasi-informaciok\\\/\"]}]},{\"@type\":\"BreadcrumbList\",\"@id\":\"https:\\\/\\\/potenciadoktor.com\\\/szallitasi-informaciok\\\/#breadcrumb\",\"itemListElement\":[{\"@type\":\"ListItem\",\"position\":1,\"name\":\"Kezd\u0151lap\",\"item\":\"https:\\\/\\\/potenciadoktor.com\\\/\"},{\"@type\":\"ListItem\",\"position\":2,\"name\":\"Sz\u00e1ll\u00edt\u00e1si inform\u00e1ci\u00f3k\"}]},{\"@type\":\"WebSite\",\"@id\":\"https:\\\/\\\/potenciadoktor.com\\\/#website\",\"url\":\"https:\\\/\\\/potenciadoktor.com\\\/\",\"name\":\"Potencia Doktor\",\"description\":\"Kamagra Rendel\u00e9s Gyors Sz\u00e1ll\u00edt\u00e1ssal\",\"publisher\":{\"@id\":\"https:\\\/\\\/potenciadoktor.com\\\/#organization\"},\"potentialAction\":[{\"@type\":\"SearchAction\",\"target\":{\"@type\":\"EntryPoint\",\"urlTemplate\":\"https:\\\/\\\/potenciadoktor.com\\\/?s={search_term_string}\"},\"query-input\":{\"@type\":\"PropertyValueSpecification\",\"valueRequired\":true,\"valueName\":\"search_term_string\"}}],\"inLanguage\":\"de\"},{\"@type\":\"Organization\",\"@id\":\"https:\\\/\\\/potenciadoktor.com\\\/#organization\",\"name\":\"Potencia Doktor\",\"url\":\"https:\\\/\\\/potenciadoktor.com\\\/\",\"logo\":{\"@type\":\"ImageObject\",\"inLanguage\":\"de\",\"@id\":\"https:\\\/\\\/potenciadoktor.com\\\/#\\\/schema\\\/logo\\\/image\\\/\",\"url\":\"https:\\\/\\\/potenciadoktor.com\\\/wp-content\\\/uploads\\\/2025\\\/03\\\/potencia_doktor_logo_n.png\",\"contentUrl\":\"https:\\\/\\\/potenciadoktor.com\\\/wp-content\\\/uploads\\\/2025\\\/03\\\/potencia_doktor_logo_n.png\",\"width\":1011,\"height\":316,\"caption\":\"Potencia Doktor\"},\"image\":{\"@id\":\"https:\\\/\\\/potenciadoktor.com\\\/#\\\/schema\\\/logo\\\/image\\\/\"}}]}<\/script>\n<!-- \/ Yoast SEO plugin. -->","yoast_head_json":{"title":"Sz\u00e1ll\u00edt\u00e1si inform\u00e1ci\u00f3k - Potencia Doktor","description":"Sz\u00e1ll\u00edt\u00e1si Inform\u00e1ci\u00f3k \u2013 Gyors, diszkr\u00e9t \u00e9s biztons\u00e1gos k\u00e9zbes\u00edt\u00e9s \ud83d\ude9a Sz\u00e1ll\u00edt\u00e1si Id\u0151 Rendel\u00e9sed feldolgoz\u00e1sa ut\u00e1n a csomagot \u00e1ltal\u00e1ban 1\u20132 munkanapon bel\u00fcl","robots":{"index":"index","follow":"follow","max-snippet":"max-snippet:-1","max-image-preview":"max-image-preview:large","max-video-preview":"max-video-preview:-1"},"canonical":"https:\/\/potenciadoktor.com\/de\/szallitasi-informaciok\/","og_locale":"de_DE","og_type":"article","og_title":"Sz\u00e1ll\u00edt\u00e1si inform\u00e1ci\u00f3k - Potencia Doktor","og_description":"Sz\u00e1ll\u00edt\u00e1si Inform\u00e1ci\u00f3k \u2013 Gyors, diszkr\u00e9t \u00e9s biztons\u00e1gos k\u00e9zbes\u00edt\u00e9s \ud83d\ude9a Sz\u00e1ll\u00edt\u00e1si Id\u0151 Rendel\u00e9sed feldolgoz\u00e1sa ut\u00e1n a csomagot \u00e1ltal\u00e1ban 1\u20132 munkanapon bel\u00fcl","og_url":"https:\/\/potenciadoktor.com\/de\/szallitasi-informaciok\/","og_site_name":"Potencia Doktor","article_modified_time":"2026-02-24T08:49:27+00:00","twitter_card":"summary_large_image","twitter_misc":{"Gesch\u00e4tzte Lesezeit":"1\u00a0Minute"},"schema":{"@context":"https:\/\/schema.org","@graph":[{"@type":"WebPage","@id":"https:\/\/potenciadoktor.com\/szallitasi-informaciok\/","url":"https:\/\/potenciadoktor.com\/szallitasi-informaciok\/","name":"Sz\u00e1ll\u00edt\u00e1si inform\u00e1ci\u00f3k - Potencia Doktor","isPartOf":{"@id":"https:\/\/potenciadoktor.com\/#website"},"datePublished":"2025-03-03T17:26:11+00:00","dateModified":"2026-02-24T08:49:27+00:00","description":"Sz\u00e1ll\u00edt\u00e1si Inform\u00e1ci\u00f3k \u2013 Gyors, diszkr\u00e9t \u00e9s biztons\u00e1gos k\u00e9zbes\u00edt\u00e9s \ud83d\ude9a Sz\u00e1ll\u00edt\u00e1si Id\u0151 Rendel\u00e9sed feldolgoz\u00e1sa ut\u00e1n a csomagot \u00e1ltal\u00e1ban 1\u20132 munkanapon bel\u00fcl","breadcrumb":{"@id":"https:\/\/potenciadoktor.com\/szallitasi-informaciok\/#breadcrumb"},"inLanguage":"de","potentialAction":[{"@type":"ReadAction","target":["https:\/\/potenciadoktor.com\/szallitasi-informaciok\/"]}]},{"@type":"BreadcrumbList","@id":"https:\/\/potenciadoktor.com\/szallitasi-informaciok\/#breadcrumb","itemListElement":[{"@type":"ListItem","position":1,"name":"Kezd\u0151lap","item":"https:\/\/potenciadoktor.com\/"},{"@type":"ListItem","position":2,"name":"Sz\u00e1ll\u00edt\u00e1si inform\u00e1ci\u00f3k"}]},{"@type":"WebSite","@id":"https:\/\/potenciadoktor.com\/#website","url":"https:\/\/potenciadoktor.com\/","name":"Potencia Doktor","description":"Kamagra Bestellung mit schnellem Versand","publisher":{"@id":"https:\/\/potenciadoktor.com\/#organization"},"potentialAction":[{"@type":"SearchAction","target":{"@type":"EntryPoint","urlTemplate":"https:\/\/potenciadoktor.com\/?s={search_term_string}"},"query-input":{"@type":"PropertyValueSpecification","valueRequired":true,"valueName":"search_term_string"}}],"inLanguage":"de"},{"@type":"Organization","@id":"https:\/\/potenciadoktor.com\/#organization","name":"Potencia Doktor","url":"https:\/\/potenciadoktor.com\/","logo":{"@type":"ImageObject","inLanguage":"de","@id":"https:\/\/potenciadoktor.com\/#\/schema\/logo\/image\/","url":"https:\/\/potenciadoktor.com\/wp-content\/uploads\/2025\/03\/potencia_doktor_logo_n.png","contentUrl":"https:\/\/potenciadoktor.com\/wp-content\/uploads\/2025\/03\/potencia_doktor_logo_n.png","width":1011,"height":316,"caption":"Potencia Doktor"},"image":{"@id":"https:\/\/potenciadoktor.com\/#\/schema\/logo\/image\/"}}]}},"_links":{"self":[{"href":"https:\/\/potenciadoktor.com\/de\/wp-json\/wp\/v2\/pages\/590","targetHints":{"allow":["GET"]}}],"collection":[{"href":"https:\/\/potenciadoktor.com\/de\/wp-json\/wp\/v2\/pages"}],"about":[{"href":"https:\/\/potenciadoktor.com\/de\/wp-json\/wp\/v2\/types\/page"}],"author":[{"embeddable":true,"href":"https:\/\/potenciadoktor.com\/de\/wp-json\/wp\/v2\/users\/1"}],"replies":[{"embeddable":true,"href":"https:\/\/potenciadoktor.com\/de\/wp-json\/wp\/v2\/comments?post=590"}],"version-history":[{"count":7,"href":"https:\/\/potenciadoktor.com\/de\/wp-json\/wp\/v2\/pages\/590\/revisions"}],"predecessor-version":[{"id":1320,"href":"https:\/\/potenciadoktor.com\/de\/wp-json\/wp\/v2\/pages\/590\/revisions\/1320"}],"wp:attachment":[{"href":"https:\/\/potenciadoktor.com\/de\/wp-json\/wp\/v2\/media?parent=590"}],"curies":[{"name":"wp","href":"https:\/\/api.w.org\/{rel}","templated":true}]}}