{"id":590,"date":"2025-03-03T18:26:11","date_gmt":"2025-03-03T17:26:11","guid":{"rendered":"https:\/\/potenciadoktor.com\/?page_id=590"},"modified":"2026-02-24T09:49:27","modified_gmt":"2026-02-24T08:49:27","slug":"information-on-the-site","status":"publish","type":"page","link":"https:\/\/potenciadoktor.com\/en\/szallitasi-informaciok\/","title":{"rendered":"Delivery information"},"content":{"rendered":"<h2><b>Delivery Information - Fast, discreet and secure delivery<\/b><\/h2>\n<h3><b>\ud83d\ude9a <\/b><b>Delivery Time<\/b><\/h3>\n<p class=\"p3\">After processing your order, your parcel will be <span class=\"s2\"><b>usually within 1-2 working days<\/b><\/span> you can get it anywhere in Hungary. Thanks to our speed, you can enjoy the effects the next day.<\/p>\n<h3><b>\ud83d\udce6 <\/b><b>Available Delivery Methods<\/b><\/h3>\n<ul>\n<li>\n<p class=\"p1\"><span class=\"s1\"><b>Foxpost Parcel Vending Machine<\/b><\/span> - Fast and flexible pick-up in most parts of the country. Discreetly and anonymously.<\/p>\n<\/li>\n<li>\n<p class=\"p1\"><span class=\"s1\"><b>MPL Parcel vending machine<\/b><\/span> - Delivery to a post office vending machine if you want to pick it up closer to the post office or further away from home.<\/p>\n<\/li>\n<\/ul>\n<h3><b>\ud83d\udd12 <\/b><b>Discreet Packaging - Complete security<\/b><\/h3>\n<p class=\"p3\">Your order <span class=\"s2\"><b>in neutral packaging without labelling<\/b><\/span> we send. Neither the courier nor your surroundings know what's inside - so <span class=\"s2\"><b>shop in complete discretion<\/b><\/span>.<\/p>\n<h3><b>\u2139\ufe0f <\/b><b>More Important Information<\/b><\/h3>\n<ul>\n<li>\n<p class=\"p1\"><span class=\"s1\"><b>Order online<\/b><\/span>: You can only order through our online shop. It is not possible to order in person or by phone.<\/p>\n<\/li>\n<li>\n<p class=\"p1\"><b>Delivery area<\/b><span class=\"s1\">: Our service <\/span><b>all over Hungary<\/b><span class=\"s1\"> available.<\/span><\/p>\n<\/li>\n<\/ul>\n<p><b>\ud83c\udfaf <\/b><b>Why choose our transport?<\/b><\/p>\n<ul>\n<li>\n<p class=\"p1\">\u2705 Discreet, anonymous packaging<\/p>\n<\/li>\n<li>\n<p class=\"p1\">\u2705 Fast delivery - up to 24 hours<\/p>\n<\/li>\n<li>\n<p class=\"p1\">\u2705 Foxpost and MPL vending machines, flexible pick-up<\/p>\n<\/li>\n<li>\n<p class=\"p1\">\u2705 Secure, anonymous shopping for potency-enhancing products<\/p>\n<\/li>\n<\/ul>\n<blockquote><p>\u2705 <span class=\"s1\"><b>Ready to order?<\/b><\/span> Click here: <a href=\"https:\/\/potenciadoktor.com\/en\/kamagra-prescription\/\">Kamagra order now<\/a><\/p><\/blockquote>","protected":false},"excerpt":{"rendered":"<p>Sz\u00e1ll\u00edt\u00e1si Inform\u00e1ci\u00f3k \u2013 Gyors, diszkr\u00e9t \u00e9s biztons\u00e1gos k\u00e9zbes\u00edt\u00e9s \ud83d\ude9a Sz\u00e1ll\u00edt\u00e1si Id\u0151 Rendel\u00e9sed feldolgoz\u00e1sa ut\u00e1n a csomagot \u00e1ltal\u00e1ban 1\u20132 munkanapon bel\u00fcl k\u00e9zhez kapod Magyarorsz\u00e1g b\u00e1rmely pontj\u00e1n. Gyorsas\u00e1gunknak k\u00f6sz\u00f6nhet\u0151en ak\u00e1r m\u00e1r m\u00e1snap \u00e9lvezheted a hat\u00e1st. \ud83d\udce6 El\u00e9rhet\u0151 Sz\u00e1ll\u00edt\u00e1si M\u00f3dok Foxpost Csomagautomata \u2013 Gyors \u00e9s rugalmas \u00e1tv\u00e9tel az orsz\u00e1g legt\u00f6bb pontj\u00e1n. Diszkr\u00e9ten \u00e9s n\u00e9v n\u00e9lk\u00fcl. MPL Csomagautomata \u2013 [&hellip;]<\/p>\n","protected":false},"author":1,"featured_media":0,"parent":0,"menu_order":0,"comment_status":"closed","ping_status":"closed","template":"","meta":{"footnotes":""},"class_list":["post-590","page","type-page","status-publish","hentry"],"yoast_head":"<!-- This site is optimized with the Yoast SEO plugin v27.3 - https:\/\/yoast.com\/product\/yoast-seo-wordpress\/ -->\n<title>Sz\u00e1ll\u00edt\u00e1si inform\u00e1ci\u00f3k - Potencia Doktor<\/title>\n<meta name=\"description\" content=\"Sz\u00e1ll\u00edt\u00e1si Inform\u00e1ci\u00f3k \u2013 Gyors, diszkr\u00e9t \u00e9s biztons\u00e1gos k\u00e9zbes\u00edt\u00e9s \ud83d\ude9a Sz\u00e1ll\u00edt\u00e1si Id\u0151 Rendel\u00e9sed feldolgoz\u00e1sa ut\u00e1n a csomagot \u00e1ltal\u00e1ban 1\u20132 munkanapon bel\u00fcl\" \/>\n<meta name=\"robots\" content=\"index, follow, max-snippet:-1, max-image-preview:large, max-video-preview:-1\" \/>\n<link rel=\"canonical\" href=\"https:\/\/potenciadoktor.com\/en\/information-on-the-site\/\" \/>\n<meta property=\"og:locale\" content=\"en_GB\" \/>\n<meta property=\"og:type\" content=\"article\" \/>\n<meta property=\"og:title\" content=\"Sz\u00e1ll\u00edt\u00e1si inform\u00e1ci\u00f3k - Potencia Doktor\" \/>\n<meta property=\"og:description\" content=\"Sz\u00e1ll\u00edt\u00e1si Inform\u00e1ci\u00f3k \u2013 Gyors, diszkr\u00e9t \u00e9s biztons\u00e1gos k\u00e9zbes\u00edt\u00e9s \ud83d\ude9a Sz\u00e1ll\u00edt\u00e1si Id\u0151 Rendel\u00e9sed feldolgoz\u00e1sa ut\u00e1n a csomagot \u00e1ltal\u00e1ban 1\u20132 munkanapon bel\u00fcl\" \/>\n<meta property=\"og:url\" content=\"https:\/\/potenciadoktor.com\/en\/information-on-the-site\/\" \/>\n<meta property=\"og:site_name\" content=\"Potencia Doktor\" \/>\n<meta property=\"article:modified_time\" content=\"2026-02-24T08:49:27+00:00\" \/>\n<meta name=\"twitter:card\" content=\"summary_large_image\" \/>\n<meta name=\"twitter:label1\" content=\"Estimated reading time\" \/>\n\t<meta name=\"twitter:data1\" content=\"1 minute\" \/>\n<script type=\"application\/ld+json\" class=\"yoast-schema-graph\">{\"@context\":\"https:\\\/\\\/schema.org\",\"@graph\":[{\"@type\":\"WebPage\",\"@id\":\"https:\\\/\\\/potenciadoktor.com\\\/szallitasi-informaciok\\\/\",\"url\":\"https:\\\/\\\/potenciadoktor.com\\\/szallitasi-informaciok\\\/\",\"name\":\"Sz\u00e1ll\u00edt\u00e1si inform\u00e1ci\u00f3k - Potencia Doktor\",\"isPartOf\":{\"@id\":\"https:\\\/\\\/potenciadoktor.com\\\/#website\"},\"datePublished\":\"2025-03-03T17:26:11+00:00\",\"dateModified\":\"2026-02-24T08:49:27+00:00\",\"description\":\"Sz\u00e1ll\u00edt\u00e1si Inform\u00e1ci\u00f3k \u2013 Gyors, diszkr\u00e9t \u00e9s biztons\u00e1gos k\u00e9zbes\u00edt\u00e9s \ud83d\ude9a Sz\u00e1ll\u00edt\u00e1si Id\u0151 Rendel\u00e9sed feldolgoz\u00e1sa ut\u00e1n a csomagot \u00e1ltal\u00e1ban 1\u20132 munkanapon bel\u00fcl\",\"breadcrumb\":{\"@id\":\"https:\\\/\\\/potenciadoktor.com\\\/szallitasi-informaciok\\\/#breadcrumb\"},\"inLanguage\":\"en-GB\",\"potentialAction\":[{\"@type\":\"ReadAction\",\"target\":[\"https:\\\/\\\/potenciadoktor.com\\\/szallitasi-informaciok\\\/\"]}]},{\"@type\":\"BreadcrumbList\",\"@id\":\"https:\\\/\\\/potenciadoktor.com\\\/szallitasi-informaciok\\\/#breadcrumb\",\"itemListElement\":[{\"@type\":\"ListItem\",\"position\":1,\"name\":\"Kezd\u0151lap\",\"item\":\"https:\\\/\\\/potenciadoktor.com\\\/\"},{\"@type\":\"ListItem\",\"position\":2,\"name\":\"Sz\u00e1ll\u00edt\u00e1si inform\u00e1ci\u00f3k\"}]},{\"@type\":\"WebSite\",\"@id\":\"https:\\\/\\\/potenciadoktor.com\\\/#website\",\"url\":\"https:\\\/\\\/potenciadoktor.com\\\/\",\"name\":\"Potencia Doktor\",\"description\":\"Kamagra Rendel\u00e9s Gyors Sz\u00e1ll\u00edt\u00e1ssal\",\"publisher\":{\"@id\":\"https:\\\/\\\/potenciadoktor.com\\\/#organization\"},\"potentialAction\":[{\"@type\":\"SearchAction\",\"target\":{\"@type\":\"EntryPoint\",\"urlTemplate\":\"https:\\\/\\\/potenciadoktor.com\\\/?s={search_term_string}\"},\"query-input\":{\"@type\":\"PropertyValueSpecification\",\"valueRequired\":true,\"valueName\":\"search_term_string\"}}],\"inLanguage\":\"en-GB\"},{\"@type\":\"Organization\",\"@id\":\"https:\\\/\\\/potenciadoktor.com\\\/#organization\",\"name\":\"Potencia Doktor\",\"url\":\"https:\\\/\\\/potenciadoktor.com\\\/\",\"logo\":{\"@type\":\"ImageObject\",\"inLanguage\":\"en-GB\",\"@id\":\"https:\\\/\\\/potenciadoktor.com\\\/#\\\/schema\\\/logo\\\/image\\\/\",\"url\":\"https:\\\/\\\/potenciadoktor.com\\\/wp-content\\\/uploads\\\/2025\\\/03\\\/potencia_doktor_logo_n.png\",\"contentUrl\":\"https:\\\/\\\/potenciadoktor.com\\\/wp-content\\\/uploads\\\/2025\\\/03\\\/potencia_doktor_logo_n.png\",\"width\":1011,\"height\":316,\"caption\":\"Potencia Doktor\"},\"image\":{\"@id\":\"https:\\\/\\\/potenciadoktor.com\\\/#\\\/schema\\\/logo\\\/image\\\/\"}}]}<\/script>\n<!-- \/ Yoast SEO plugin. -->","yoast_head_json":{"title":"Delivery information - Potencia Doctor","description":"Sz\u00e1ll\u00edt\u00e1si Inform\u00e1ci\u00f3k \u2013 Gyors, diszkr\u00e9t \u00e9s biztons\u00e1gos k\u00e9zbes\u00edt\u00e9s \ud83d\ude9a Sz\u00e1ll\u00edt\u00e1si Id\u0151 Rendel\u00e9sed feldolgoz\u00e1sa ut\u00e1n a csomagot \u00e1ltal\u00e1ban 1\u20132 munkanapon bel\u00fcl","robots":{"index":"index","follow":"follow","max-snippet":"max-snippet:-1","max-image-preview":"max-image-preview:large","max-video-preview":"max-video-preview:-1"},"canonical":"https:\/\/potenciadoktor.com\/en\/information-on-the-site\/","og_locale":"en_GB","og_type":"article","og_title":"Sz\u00e1ll\u00edt\u00e1si inform\u00e1ci\u00f3k - Potencia Doktor","og_description":"Sz\u00e1ll\u00edt\u00e1si Inform\u00e1ci\u00f3k \u2013 Gyors, diszkr\u00e9t \u00e9s biztons\u00e1gos k\u00e9zbes\u00edt\u00e9s \ud83d\ude9a Sz\u00e1ll\u00edt\u00e1si Id\u0151 Rendel\u00e9sed feldolgoz\u00e1sa ut\u00e1n a csomagot \u00e1ltal\u00e1ban 1\u20132 munkanapon bel\u00fcl","og_url":"https:\/\/potenciadoktor.com\/en\/information-on-the-site\/","og_site_name":"Potencia Doktor","article_modified_time":"2026-02-24T08:49:27+00:00","twitter_card":"summary_large_image","twitter_misc":{"Estimated reading time":"1 minute"},"schema":{"@context":"https:\/\/schema.org","@graph":[{"@type":"WebPage","@id":"https:\/\/potenciadoktor.com\/szallitasi-informaciok\/","url":"https:\/\/potenciadoktor.com\/szallitasi-informaciok\/","name":"Delivery information - Potencia Doctor","isPartOf":{"@id":"https:\/\/potenciadoktor.com\/#website"},"datePublished":"2025-03-03T17:26:11+00:00","dateModified":"2026-02-24T08:49:27+00:00","description":"Sz\u00e1ll\u00edt\u00e1si Inform\u00e1ci\u00f3k \u2013 Gyors, diszkr\u00e9t \u00e9s biztons\u00e1gos k\u00e9zbes\u00edt\u00e9s \ud83d\ude9a Sz\u00e1ll\u00edt\u00e1si Id\u0151 Rendel\u00e9sed feldolgoz\u00e1sa ut\u00e1n a csomagot \u00e1ltal\u00e1ban 1\u20132 munkanapon bel\u00fcl","breadcrumb":{"@id":"https:\/\/potenciadoktor.com\/szallitasi-informaciok\/#breadcrumb"},"inLanguage":"en-GB","potentialAction":[{"@type":"ReadAction","target":["https:\/\/potenciadoktor.com\/szallitasi-informaciok\/"]}]},{"@type":"BreadcrumbList","@id":"https:\/\/potenciadoktor.com\/szallitasi-informaciok\/#breadcrumb","itemListElement":[{"@type":"ListItem","position":1,"name":"Kezd\u0151lap","item":"https:\/\/potenciadoktor.com\/"},{"@type":"ListItem","position":2,"name":"Sz\u00e1ll\u00edt\u00e1si inform\u00e1ci\u00f3k"}]},{"@type":"WebSite","@id":"https:\/\/potenciadoktor.com\/#website","url":"https:\/\/potenciadoktor.com\/","name":"Potencia Doctor","description":"Kamagra Order with Fast Shipping","publisher":{"@id":"https:\/\/potenciadoktor.com\/#organization"},"potentialAction":[{"@type":"SearchAction","target":{"@type":"EntryPoint","urlTemplate":"https:\/\/potenciadoktor.com\/?s={search_term_string}"},"query-input":{"@type":"PropertyValueSpecification","valueRequired":true,"valueName":"search_term_string"}}],"inLanguage":"en-GB"},{"@type":"Organization","@id":"https:\/\/potenciadoktor.com\/#organization","name":"Potencia Doctor","url":"https:\/\/potenciadoktor.com\/","logo":{"@type":"ImageObject","inLanguage":"en-GB","@id":"https:\/\/potenciadoktor.com\/#\/schema\/logo\/image\/","url":"https:\/\/potenciadoktor.com\/wp-content\/uploads\/2025\/03\/potencia_doktor_logo_n.png","contentUrl":"https:\/\/potenciadoktor.com\/wp-content\/uploads\/2025\/03\/potencia_doktor_logo_n.png","width":1011,"height":316,"caption":"Potencia Doktor"},"image":{"@id":"https:\/\/potenciadoktor.com\/#\/schema\/logo\/image\/"}}]}},"_links":{"self":[{"href":"https:\/\/potenciadoktor.com\/en\/wp-json\/wp\/v2\/pages\/590","targetHints":{"allow":["GET"]}}],"collection":[{"href":"https:\/\/potenciadoktor.com\/en\/wp-json\/wp\/v2\/pages"}],"about":[{"href":"https:\/\/potenciadoktor.com\/en\/wp-json\/wp\/v2\/types\/page"}],"author":[{"embeddable":true,"href":"https:\/\/potenciadoktor.com\/en\/wp-json\/wp\/v2\/users\/1"}],"replies":[{"embeddable":true,"href":"https:\/\/potenciadoktor.com\/en\/wp-json\/wp\/v2\/comments?post=590"}],"version-history":[{"count":7,"href":"https:\/\/potenciadoktor.com\/en\/wp-json\/wp\/v2\/pages\/590\/revisions"}],"predecessor-version":[{"id":1320,"href":"https:\/\/potenciadoktor.com\/en\/wp-json\/wp\/v2\/pages\/590\/revisions\/1320"}],"wp:attachment":[{"href":"https:\/\/potenciadoktor.com\/en\/wp-json\/wp\/v2\/media?parent=590"}],"curies":[{"name":"wp","href":"https:\/\/api.w.org\/{rel}","templated":true}]}}