{"id":662,"date":"2025-03-07T12:20:52","date_gmt":"2025-03-07T11:20:52","guid":{"rendered":"https:\/\/potenciadoktor.com\/?page_id=662"},"modified":"2026-02-24T09:48:55","modified_gmt":"2026-02-24T08:48:55","slug":"potencianovelo-blog","status":"publish","type":"page","link":"https:\/\/potenciadoktor.com\/en\/potencianovelo-blog\/","title":{"rendered":"Potency enhancer blog"},"content":{"rendered":"<div data-elementor-type=\"wp-page\" data-elementor-id=\"662\" class=\"elementor elementor-662\" data-elementor-post-type=\"page\">\n\t\t\t\t<div class=\"elementor-element elementor-element-018748e e-flex e-con-boxed e-con e-parent\" data-id=\"018748e\" data-element_type=\"container\" data-settings=\"{&quot;background_background&quot;:&quot;classic&quot;}\">\n\t\t\t\t\t<div class=\"e-con-inner\">\n\t\t\t\t<div class=\"elementor-element elementor-element-498b943 elementor-widget elementor-widget-heading\" data-id=\"498b943\" data-element_type=\"widget\" data-widget_type=\"heading.default\">\n\t\t\t\t\t<h2 class=\"elementor-heading-title elementor-size-default\">Tips, advice, experiences <b>Kamagra<\/b> and <b>Viagra<\/b> on<\/h2>\t\t\t\t<\/div>\n\t\t\t\t<div class=\"elementor-element elementor-element-42dcaa8 elementor-grid-3 elementor-grid-tablet-2 elementor-grid-mobile-1 elementor-posts--thumbnail-top elementor-posts--show-avatar elementor-card-shadow-yes elementor-posts__hover-gradient elementor-widget elementor-widget-posts\" data-id=\"42dcaa8\" data-element_type=\"widget\" data-settings=\"{&quot;cards_columns&quot;:&quot;3&quot;,&quot;cards_columns_tablet&quot;:&quot;2&quot;,&quot;cards_columns_mobile&quot;:&quot;1&quot;,&quot;cards_row_gap&quot;:{&quot;unit&quot;:&quot;px&quot;,&quot;size&quot;:35,&quot;sizes&quot;:[]},&quot;cards_row_gap_tablet&quot;:{&quot;unit&quot;:&quot;px&quot;,&quot;size&quot;:&quot;&quot;,&quot;sizes&quot;:[]},&quot;cards_row_gap_mobile&quot;:{&quot;unit&quot;:&quot;px&quot;,&quot;size&quot;:&quot;&quot;,&quot;sizes&quot;:[]}}\" data-widget_type=\"posts.cards\">\n\t\t\t\t<div class=\"elementor-widget-container\">\n\t\t\t\t\t\t\t<div class=\"elementor-posts-container elementor-posts elementor-posts--skin-cards elementor-grid\">\n\t\t\t\t<article class=\"elementor-post elementor-grid-item post-1369 post type-post status-publish format-standard hentry category-kamagra\">\n\t\t\t<div class=\"elementor-post__card\">\n\t\t\t\t<div class=\"elementor-post__text\">\n\t\t\t\t<h3 class=\"elementor-post__title\">\n\t\t\t<a href=\"https:\/\/potenciadoktor.com\/en\/viagra-tabletta-2\/\" >\n\t\t\t\tViagra tablets\t\t\t<\/a>\n\t\t<\/h3>\n\t\t\t\t<div class=\"elementor-post__excerpt\">\n\t\t\t<p>For many men, sexual fulfillment can be a challenge, and among the solutions, viagra tablets are one of the best known options. It is not uncommon that after the first pill, questions arise: how to<\/p>\n\t\t<\/div>\n\t\t\n\t\t<a class=\"elementor-post__read-more\" href=\"https:\/\/potenciadoktor.com\/en\/viagra-tabletta-2\/\" aria-label=\"Read more about Viagra tabletta\" tabindex=\"-1\" >\n\t\t\tRead more \u00bb\t\t<\/a>\n\n\t\t\t\t<\/div>\n\t\t\t\t<div class=\"elementor-post__meta-data\">\n\t\t\t\t\t<span class=\"elementor-post-date\">\n\t\t\tApril 7, 2026\t\t<\/span>\n\t\t\t\t<\/div>\n\t\t\t\t\t<\/div>\n\t\t<\/article>\n\t\t\t\t<article class=\"elementor-post elementor-grid-item post-1368 post type-post status-publish format-standard hentry category-kamagra\">\n\t\t\t<div class=\"elementor-post__card\">\n\t\t\t\t<div class=\"elementor-post__text\">\n\t\t\t\t<h3 class=\"elementor-post__title\">\n\t\t\t<a href=\"https:\/\/potenciadoktor.com\/en\/eredeti-viagra-rendeles\/\" >\n\t\t\t\tOriginal Viagra Order\t\t\t<\/a>\n\t\t<\/h3>\n\t\t\t\t<div class=\"elementor-post__excerpt\">\n\t\t\t<p>Many people think that ordering the original Viagra is just a simple purchase. In fact, due to the number of counterfeits, it requires serious attention. You need to know how to recognize the genuine product so that you don't<\/p>\n\t\t<\/div>\n\t\t\n\t\t<a class=\"elementor-post__read-more\" href=\"https:\/\/potenciadoktor.com\/en\/eredeti-viagra-rendeles\/\" aria-label=\"Read more about Eredeti Viagra Rendel\u00e9s\" tabindex=\"-1\" >\n\t\t\tRead more \u00bb\t\t<\/a>\n\n\t\t\t\t<\/div>\n\t\t\t\t<div class=\"elementor-post__meta-data\">\n\t\t\t\t\t<span class=\"elementor-post-date\">\n\t\t\tApril 7, 2026\t\t<\/span>\n\t\t\t\t<\/div>\n\t\t\t\t\t<\/div>\n\t\t<\/article>\n\t\t\t\t<article class=\"elementor-post elementor-grid-item post-1367 post type-post status-publish format-standard hentry category-kamagra\">\n\t\t\t<div class=\"elementor-post__card\">\n\t\t\t\t<div class=\"elementor-post__text\">\n\t\t\t\t<h3 class=\"elementor-post__title\">\n\t\t\t<a href=\"https:\/\/potenciadoktor.com\/en\/minden-amit-a-pfizer-viagra-rol-tudni-kell\/\" >\n\t\t\t\tEverything you need to know about Pfizer Viagra\t\t\t<\/a>\n\t\t<\/h3>\n\t\t\t\t<div class=\"elementor-post__excerpt\">\n\t\t\t<p>Many people have heard the name Pfizer Viagra, but few understand exactly how it works and what it can be used for. If you want to know what effects to expect and when to use it, this article<\/p>\n\t\t<\/div>\n\t\t\n\t\t<a class=\"elementor-post__read-more\" href=\"https:\/\/potenciadoktor.com\/en\/minden-amit-a-pfizer-viagra-rol-tudni-kell\/\" aria-label=\"Read more about Minden, amit a Pfizer Viagra-r\u00f3l tudni kell\" tabindex=\"-1\" >\n\t\t\tRead more \u00bb\t\t<\/a>\n\n\t\t\t\t<\/div>\n\t\t\t\t<div class=\"elementor-post__meta-data\">\n\t\t\t\t\t<span class=\"elementor-post-date\">\n\t\t\tApril 7, 2026\t\t<\/span>\n\t\t\t\t<\/div>\n\t\t\t\t\t<\/div>\n\t\t<\/article>\n\t\t\t\t<article class=\"elementor-post elementor-grid-item post-1366 post type-post status-publish format-standard hentry category-kamagra\">\n\t\t\t<div class=\"elementor-post__card\">\n\t\t\t\t<div class=\"elementor-post__text\">\n\t\t\t\t<h3 class=\"elementor-post__title\">\n\t\t\t<a href=\"https:\/\/potenciadoktor.com\/en\/kamagra-akcio\/\" >\n\t\t\t\tKamagra action\t\t\t<\/a>\n\t\t<\/h3>\n\t\t\t\t<div class=\"elementor-post__excerpt\">\n\t\t\t<p>Kamagra actions are not always as simple as they seem. If you're not careful, you could easily end up with a deal that's not worth your money. In this article I'll show you what<\/p>\n\t\t<\/div>\n\t\t\n\t\t<a class=\"elementor-post__read-more\" href=\"https:\/\/potenciadoktor.com\/en\/kamagra-akcio\/\" aria-label=\"Read more about Kamagra akci\u00f3\" tabindex=\"-1\" >\n\t\t\tRead more \u00bb\t\t<\/a>\n\n\t\t\t\t<\/div>\n\t\t\t\t<div class=\"elementor-post__meta-data\">\n\t\t\t\t\t<span class=\"elementor-post-date\">\n\t\t\tApril 7, 2026\t\t<\/span>\n\t\t\t\t<\/div>\n\t\t\t\t\t<\/div>\n\t\t<\/article>\n\t\t\t\t<article class=\"elementor-post elementor-grid-item post-1365 post type-post status-publish format-standard hentry category-kamagra\">\n\t\t\t<div class=\"elementor-post__card\">\n\t\t\t\t<div class=\"elementor-post__text\">\n\t\t\t\t<h3 class=\"elementor-post__title\">\n\t\t\t<a href=\"https:\/\/potenciadoktor.com\/en\/eredeti-kamagra-zsele\/\" >\n\t\t\t\tOriginal Kamagra Gel\t\t\t<\/a>\n\t\t<\/h3>\n\t\t\t\t<div class=\"elementor-post__excerpt\">\n\t\t\t<p>The original kamagra gel remains an unknown secret to many. If you've been looking for a reliable and effective solution, you know how much disappointment there is with imitations. In this article we tell you everything you need to know<\/p>\n\t\t<\/div>\n\t\t\n\t\t<a class=\"elementor-post__read-more\" href=\"https:\/\/potenciadoktor.com\/en\/eredeti-kamagra-zsele\/\" aria-label=\"Read more about Eredeti Kamagra Zsel\u00e9\" tabindex=\"-1\" >\n\t\t\tRead more \u00bb\t\t<\/a>\n\n\t\t\t\t<\/div>\n\t\t\t\t<div class=\"elementor-post__meta-data\">\n\t\t\t\t\t<span class=\"elementor-post-date\">\n\t\t\tApril 7, 2026\t\t<\/span>\n\t\t\t\t<\/div>\n\t\t\t\t\t<\/div>\n\t\t<\/article>\n\t\t\t\t<article class=\"elementor-post elementor-grid-item post-1364 post type-post status-publish format-standard hentry category-kamagra\">\n\t\t\t<div class=\"elementor-post__card\">\n\t\t\t\t<div class=\"elementor-post__text\">\n\t\t\t\t<h3 class=\"elementor-post__title\">\n\t\t\t<a href=\"https:\/\/potenciadoktor.com\/en\/kamagra-rendeles-velemenyek\/\" >\n\t\t\t\tKamagra Order Reviews\t\t\t<\/a>\n\t\t<\/h3>\n\t\t\t\t<div class=\"elementor-post__excerpt\">\n\t\t\t<p>Many people order Kamagra, but the real question is: how much can you trust the reviews? If you're considering a purchase, it's worth taking a clear look at what those who have tried it have to say. In this article.<\/p>\n\t\t<\/div>\n\t\t\n\t\t<a class=\"elementor-post__read-more\" href=\"https:\/\/potenciadoktor.com\/en\/kamagra-rendeles-velemenyek\/\" aria-label=\"Read more about Kamagra Rendel\u00e9s V\u00e9lem\u00e9nyek\" tabindex=\"-1\" >\n\t\t\tRead more \u00bb\t\t<\/a>\n\n\t\t\t\t<\/div>\n\t\t\t\t<div class=\"elementor-post__meta-data\">\n\t\t\t\t\t<span class=\"elementor-post-date\">\n\t\t\tApril 7, 2026\t\t<\/span>\n\t\t\t\t<\/div>\n\t\t\t\t\t<\/div>\n\t\t<\/article>\n\t\t\t\t<\/div>\n\t\t\n\t\t\t\t\t\t<\/div>\n\t\t\t\t<\/div>\n\t\t\t\t\t<\/div>\n\t\t\t\t<\/div>\n\t\t\t\t<\/div>","protected":false},"excerpt":{"rendered":"<p>Tips, advice, experiences with Kamagra and Viagra<\/p>","protected":false},"author":1,"featured_media":0,"parent":0,"menu_order":0,"comment_status":"closed","ping_status":"closed","template":"template-fullwidth.php","meta":{"footnotes":""},"class_list":["post-662","page","type-page","status-publish","hentry"],"yoast_head":"<!-- This site is optimized with the Yoast SEO plugin v27.3 - https:\/\/yoast.com\/product\/yoast-seo-wordpress\/ -->\n<title>Potencian\u00f6vel\u0151 blog - Potencia Doktor<\/title>\n<meta name=\"description\" content=\"Tippek, tan\u00e1csok, tapasztalatok Kamagra \u00e9s Viagra t\u00e9m\u00e1ban\" \/>\n<meta name=\"robots\" content=\"index, follow, max-snippet:-1, max-image-preview:large, max-video-preview:-1\" \/>\n<link rel=\"canonical\" href=\"https:\/\/potenciadoktor.com\/en\/potencianovelo-blog\/\" \/>\n<meta property=\"og:locale\" content=\"en_GB\" \/>\n<meta property=\"og:type\" content=\"article\" \/>\n<meta property=\"og:title\" content=\"Potencian\u00f6vel\u0151 blog - Potencia Doktor\" \/>\n<meta property=\"og:description\" content=\"Tippek, tan\u00e1csok, tapasztalatok Kamagra \u00e9s Viagra t\u00e9m\u00e1ban\" \/>\n<meta property=\"og:url\" content=\"https:\/\/potenciadoktor.com\/en\/potencianovelo-blog\/\" \/>\n<meta property=\"og:site_name\" content=\"Potencia Doktor\" \/>\n<meta property=\"article:modified_time\" content=\"2026-02-24T08:48:55+00:00\" \/>\n<meta name=\"twitter:card\" content=\"summary_large_image\" \/>\n<script type=\"application\/ld+json\" class=\"yoast-schema-graph\">{\"@context\":\"https:\\\/\\\/schema.org\",\"@graph\":[{\"@type\":\"WebPage\",\"@id\":\"https:\\\/\\\/potenciadoktor.com\\\/potencianovelo-blog\\\/\",\"url\":\"https:\\\/\\\/potenciadoktor.com\\\/potencianovelo-blog\\\/\",\"name\":\"Potencian\u00f6vel\u0151 blog - Potencia Doktor\",\"isPartOf\":{\"@id\":\"https:\\\/\\\/potenciadoktor.com\\\/#website\"},\"datePublished\":\"2025-03-07T11:20:52+00:00\",\"dateModified\":\"2026-02-24T08:48:55+00:00\",\"description\":\"Tippek, tan\u00e1csok, tapasztalatok Kamagra \u00e9s Viagra t\u00e9m\u00e1ban\",\"breadcrumb\":{\"@id\":\"https:\\\/\\\/potenciadoktor.com\\\/potencianovelo-blog\\\/#breadcrumb\"},\"inLanguage\":\"en-GB\",\"potentialAction\":[{\"@type\":\"ReadAction\",\"target\":[\"https:\\\/\\\/potenciadoktor.com\\\/potencianovelo-blog\\\/\"]}]},{\"@type\":\"BreadcrumbList\",\"@id\":\"https:\\\/\\\/potenciadoktor.com\\\/potencianovelo-blog\\\/#breadcrumb\",\"itemListElement\":[{\"@type\":\"ListItem\",\"position\":1,\"name\":\"Kezd\u0151lap\",\"item\":\"https:\\\/\\\/potenciadoktor.com\\\/\"},{\"@type\":\"ListItem\",\"position\":2,\"name\":\"Potencian\u00f6vel\u0151 blog\"}]},{\"@type\":\"WebSite\",\"@id\":\"https:\\\/\\\/potenciadoktor.com\\\/#website\",\"url\":\"https:\\\/\\\/potenciadoktor.com\\\/\",\"name\":\"Potencia Doktor\",\"description\":\"Kamagra Rendel\u00e9s Gyors Sz\u00e1ll\u00edt\u00e1ssal\",\"publisher\":{\"@id\":\"https:\\\/\\\/potenciadoktor.com\\\/#organization\"},\"potentialAction\":[{\"@type\":\"SearchAction\",\"target\":{\"@type\":\"EntryPoint\",\"urlTemplate\":\"https:\\\/\\\/potenciadoktor.com\\\/?s={search_term_string}\"},\"query-input\":{\"@type\":\"PropertyValueSpecification\",\"valueRequired\":true,\"valueName\":\"search_term_string\"}}],\"inLanguage\":\"en-GB\"},{\"@type\":\"Organization\",\"@id\":\"https:\\\/\\\/potenciadoktor.com\\\/#organization\",\"name\":\"Potencia Doktor\",\"url\":\"https:\\\/\\\/potenciadoktor.com\\\/\",\"logo\":{\"@type\":\"ImageObject\",\"inLanguage\":\"en-GB\",\"@id\":\"https:\\\/\\\/potenciadoktor.com\\\/#\\\/schema\\\/logo\\\/image\\\/\",\"url\":\"https:\\\/\\\/potenciadoktor.com\\\/wp-content\\\/uploads\\\/2025\\\/03\\\/potencia_doktor_logo_n.png\",\"contentUrl\":\"https:\\\/\\\/potenciadoktor.com\\\/wp-content\\\/uploads\\\/2025\\\/03\\\/potencia_doktor_logo_n.png\",\"width\":1011,\"height\":316,\"caption\":\"Potencia Doktor\"},\"image\":{\"@id\":\"https:\\\/\\\/potenciadoktor.com\\\/#\\\/schema\\\/logo\\\/image\\\/\"}}]}<\/script>\n<!-- \/ Yoast SEO plugin. -->","yoast_head_json":{"title":"Potency enhancement blog - Potency Doctor","description":"Tips, advice, experiences with Kamagra and Viagra","robots":{"index":"index","follow":"follow","max-snippet":"max-snippet:-1","max-image-preview":"max-image-preview:large","max-video-preview":"max-video-preview:-1"},"canonical":"https:\/\/potenciadoktor.com\/en\/potencianovelo-blog\/","og_locale":"en_GB","og_type":"article","og_title":"Potencian\u00f6vel\u0151 blog - Potencia Doktor","og_description":"Tippek, tan\u00e1csok, tapasztalatok Kamagra \u00e9s Viagra t\u00e9m\u00e1ban","og_url":"https:\/\/potenciadoktor.com\/en\/potencianovelo-blog\/","og_site_name":"Potencia Doktor","article_modified_time":"2026-02-24T08:48:55+00:00","twitter_card":"summary_large_image","schema":{"@context":"https:\/\/schema.org","@graph":[{"@type":"WebPage","@id":"https:\/\/potenciadoktor.com\/potencianovelo-blog\/","url":"https:\/\/potenciadoktor.com\/potencianovelo-blog\/","name":"Potency enhancement blog - Potency Doctor","isPartOf":{"@id":"https:\/\/potenciadoktor.com\/#website"},"datePublished":"2025-03-07T11:20:52+00:00","dateModified":"2026-02-24T08:48:55+00:00","description":"Tips, advice, experiences with Kamagra and Viagra","breadcrumb":{"@id":"https:\/\/potenciadoktor.com\/potencianovelo-blog\/#breadcrumb"},"inLanguage":"en-GB","potentialAction":[{"@type":"ReadAction","target":["https:\/\/potenciadoktor.com\/potencianovelo-blog\/"]}]},{"@type":"BreadcrumbList","@id":"https:\/\/potenciadoktor.com\/potencianovelo-blog\/#breadcrumb","itemListElement":[{"@type":"ListItem","position":1,"name":"Kezd\u0151lap","item":"https:\/\/potenciadoktor.com\/"},{"@type":"ListItem","position":2,"name":"Potencian\u00f6vel\u0151 blog"}]},{"@type":"WebSite","@id":"https:\/\/potenciadoktor.com\/#website","url":"https:\/\/potenciadoktor.com\/","name":"Potencia Doctor","description":"Kamagra Order with Fast Shipping","publisher":{"@id":"https:\/\/potenciadoktor.com\/#organization"},"potentialAction":[{"@type":"SearchAction","target":{"@type":"EntryPoint","urlTemplate":"https:\/\/potenciadoktor.com\/?s={search_term_string}"},"query-input":{"@type":"PropertyValueSpecification","valueRequired":true,"valueName":"search_term_string"}}],"inLanguage":"en-GB"},{"@type":"Organization","@id":"https:\/\/potenciadoktor.com\/#organization","name":"Potencia Doctor","url":"https:\/\/potenciadoktor.com\/","logo":{"@type":"ImageObject","inLanguage":"en-GB","@id":"https:\/\/potenciadoktor.com\/#\/schema\/logo\/image\/","url":"https:\/\/potenciadoktor.com\/wp-content\/uploads\/2025\/03\/potencia_doktor_logo_n.png","contentUrl":"https:\/\/potenciadoktor.com\/wp-content\/uploads\/2025\/03\/potencia_doktor_logo_n.png","width":1011,"height":316,"caption":"Potencia Doktor"},"image":{"@id":"https:\/\/potenciadoktor.com\/#\/schema\/logo\/image\/"}}]}},"_links":{"self":[{"href":"https:\/\/potenciadoktor.com\/en\/wp-json\/wp\/v2\/pages\/662","targetHints":{"allow":["GET"]}}],"collection":[{"href":"https:\/\/potenciadoktor.com\/en\/wp-json\/wp\/v2\/pages"}],"about":[{"href":"https:\/\/potenciadoktor.com\/en\/wp-json\/wp\/v2\/types\/page"}],"author":[{"embeddable":true,"href":"https:\/\/potenciadoktor.com\/en\/wp-json\/wp\/v2\/users\/1"}],"replies":[{"embeddable":true,"href":"https:\/\/potenciadoktor.com\/en\/wp-json\/wp\/v2\/comments?post=662"}],"version-history":[{"count":9,"href":"https:\/\/potenciadoktor.com\/en\/wp-json\/wp\/v2\/pages\/662\/revisions"}],"predecessor-version":[{"id":1319,"href":"https:\/\/potenciadoktor.com\/en\/wp-json\/wp\/v2\/pages\/662\/revisions\/1319"}],"wp:attachment":[{"href":"https:\/\/potenciadoktor.com\/en\/wp-json\/wp\/v2\/media?parent=662"}],"curies":[{"name":"wp","href":"https:\/\/api.w.org\/{rel}","templated":true}]}}