{"id":575,"date":"2025-03-03T18:02:00","date_gmt":"2025-03-03T17:02:00","guid":{"rendered":"https:\/\/potenciadoktor.com\/?page_id=575"},"modified":"2026-02-24T09:48:00","modified_gmt":"2026-02-24T08:48:00","slug":"potencia-gyik-meest-gestelde-vragen","status":"publish","type":"page","link":"https:\/\/potenciadoktor.com\/nl\/potencia-gyik-leggyakoribb-kerdesek-valaszok\/","title":{"rendered":"GY.I.K."},"content":{"rendered":"<h2 class=\"p1\"><b>Hoe lang duurt het voordat Kamagra, Cialis en Viagra werken?<\/b><b><\/b><\/h2>\n<p class=\"p3\">A <span class=\"s1\"><b>Kamagra<\/b><\/span> werkt meestal binnen 30-60 minuten na inname. A <span class=\"s1\"><b>Cialis<\/b><\/span> Het effect duurt ongeveer 30 minuten en kan tot 36 uur aanhouden. A <span class=\"s1\"><b>Viagra<\/b><\/span> het effect wordt binnen 30-60 minuten gevoeld en houdt ongeveer 4-5 uur aan. Het is belangrijk op te merken dat deze tijden van persoon tot persoon verschillen en be\u00efnvloed kunnen worden door voedsel- en alcoholinname.<\/p>\n<h2 class=\"p1\"><b>Wat zijn de mogelijke bijwerkingen van Kamagra, Cialis en Viagra?<\/b><b><\/b><\/h2>\n<p class=\"p3\">Bij alle drie de potentieverhogende middelen kunnen bijwerkingen optreden. De meest voorkomende zijn hoofdpijn, blozen, verstopte neus, duizeligheid en indigestie. Minder vaak komen visuele stoornissen, gehoorverlies of langdurige pijnlijke erecties (priapisme) voor. Als je vervelende symptomen ervaart, moet je je arts raadplegen.<\/p>\n<h2 class=\"p1\"><b>Hoe moet ik Kamagra, Cialis en Viagra tabletten innemen?<\/b><b><\/b><\/h2>\n<p class=\"p3\">A <span class=\"s1\"><b>Kamagra<\/b><\/span> De aanbevolen dosis is 50 mg per dag, maar kan indien nodig worden verhoogd tot 100 mg of verlaagd tot 25 mg. A <span class=\"s1\"><b>Cialis<\/b><\/span> de aanbevolen startdosis is 10 mg, die indien nodig kan worden verhoogd tot 20 mg. A <span class=\"s1\"><b>Viagra<\/b><\/span> de aanbevolen startdosis is 50 mg, die kan worden verlaagd tot 25 mg of verhoogd tot 100 mg, afhankelijk van de individuele tolerantie. Deze geneesmiddelen moeten eenmaal daags worden gebruikt en de aanbevolen dosis mag niet worden overschreden.<\/p>\n<h2 class=\"p1\"><b>Hoe vaak kan ik Kamagra, Cialis en Viagra gebruiken?<\/b><b><\/b><\/h2>\n<p class=\"p3\">Alle drie de preparaten moeten eenmaal daags worden gebruikt. De aanbevolen dagelijkse dosis mag niet overschreden worden, omdat dit het risico op bijwerkingen kan vergroten. Als je vaker een potentieverhoger moet nemen, raadpleeg dan je arts voor een goede behandeling.<\/p>\n<h2 class=\"p1\"><b>In welke gevallen wordt Kamagra, Cialis en Viagra afgeraden?<\/b><b><\/b><\/h2>\n<p class=\"p3\">Deze geneesmiddelen worden niet aanbevolen als u:<\/p>\n<p class=\"p4\">-Je gebruikt medicijnen die nitraat bevatten.<\/p>\n<p class=\"p4\">Ernstige hart- of leveraandoeningen.<\/p>\n<p class=\"p4\">-Onlangs een hartaanval of beroerte gehad.<\/p>\n<p class=\"p4\">-Hij heeft een lage bloeddruk.<\/p>\n<p class=\"p4\">-Lijdt aan bepaalde zeldzame erfelijke oogziekten.<\/p>\n<p class=\"p3\">Raadpleeg je arts voordat je potentieverhogende middelen gebruikt, vooral als je medische problemen hebt of andere medicijnen gebruikt.<\/p>\n<h2 class=\"p1\"><b>Welke invloed heeft alcoholgebruik op de werkzaamheid van Kamagra, Cialis en Viagra?<\/b><b><\/b><\/h2>\n<p class=\"p3\">Het drinken van alcohol kan de werkzaamheid van deze geneesmiddelen verminderen en het risico op bijwerkingen verhogen. Alcohol remt het krijgen en behouden van een erectie, wat het effect van de potentiators kan verzwakken. Het wordt daarom aanbevolen om alcoholgebruik te verminderen of te vermijden tijdens het gebruik van dit geneesmiddel.<\/p>\n<h2 class=\"p1\"><b>Hoe lang houdt het effect van Kamagra, Cialis en Viagra aan?<\/b><b><\/b><\/h2>\n<p class=\"p3\">A <span class=\"s1\"><b>Kamagra<\/b><\/span> het effect houdt ongeveer 4-6 uur aan. A <span class=\"s1\"><b>Cialis<\/b><\/span> is speciaal omdat het tot 36 uur kan duren, daarom wordt het ook wel een \u201cweekendpil\u201d genoemd. A <span class=\"s1\"><b>Viagra<\/b><\/span> het effect duurt meestal 4-5 uur. Deze duur varieert van persoon tot persoon en kan worden be\u00efnvloed door voedsel, alcoholgebruik en andere factoren.<\/p>","protected":false},"excerpt":{"rendered":"<p>Mennyi id\u0151 alatt fejti ki hat\u00e1s\u00e1t a Kamagra, Cialis \u00e9s Viagra? A Kamagra \u00e1ltal\u00e1ban a bev\u00e9telt k\u00f6vet\u0151 30-60 percen bel\u00fcl fejti ki hat\u00e1s\u00e1t. A Cialis hat\u00e1sa k\u00f6r\u00fclbel\u00fcl 30 percen bel\u00fcl jelentkezik, \u00e9s ak\u00e1r 36 \u00f3r\u00e1n \u00e1t is tarthat. A Viagra eset\u00e9ben a hat\u00e1s 30-60 percen bel\u00fcl \u00e9rezhet\u0151, \u00e9s k\u00f6r\u00fclbel\u00fcl 4-5 \u00f3r\u00e1n \u00e1t tart. Fontos megjegyezni, [&hellip;]<\/p>\n","protected":false},"author":1,"featured_media":0,"parent":0,"menu_order":0,"comment_status":"closed","ping_status":"closed","template":"","meta":{"footnotes":""},"class_list":["post-575","page","type-page","status-publish","hentry"],"yoast_head":"<!-- This site is optimized with the Yoast SEO plugin v27.3 - https:\/\/yoast.com\/product\/yoast-seo-wordpress\/ -->\n<title>GY.I.K. - Potencia Doktor<\/title>\n<meta name=\"description\" content=\"Mennyi id\u0151 alatt fejti ki hat\u00e1s\u00e1t a Kamagra, Cialis \u00e9s Viagra? A Kamagra \u00e1ltal\u00e1ban a bev\u00e9telt k\u00f6vet\u0151 30-60 percen bel\u00fcl fejti ki hat\u00e1s\u00e1t. A Cialis hat\u00e1sa\" \/>\n<meta name=\"robots\" content=\"index, follow, max-snippet:-1, max-image-preview:large, max-video-preview:-1\" \/>\n<link rel=\"canonical\" href=\"https:\/\/potenciadoktor.com\/nl\/potencia-gyik-meest-gestelde-vragen\/\" \/>\n<meta property=\"og:locale\" content=\"nl_NL\" \/>\n<meta property=\"og:type\" content=\"article\" \/>\n<meta property=\"og:title\" content=\"GY.I.K. - Potencia Doktor\" \/>\n<meta property=\"og:description\" content=\"Mennyi id\u0151 alatt fejti ki hat\u00e1s\u00e1t a Kamagra, Cialis \u00e9s Viagra? A Kamagra \u00e1ltal\u00e1ban a bev\u00e9telt k\u00f6vet\u0151 30-60 percen bel\u00fcl fejti ki hat\u00e1s\u00e1t. A Cialis hat\u00e1sa\" \/>\n<meta property=\"og:url\" content=\"https:\/\/potenciadoktor.com\/nl\/potencia-gyik-meest-gestelde-vragen\/\" \/>\n<meta property=\"og:site_name\" content=\"Potencia Doktor\" \/>\n<meta property=\"article:modified_time\" content=\"2026-02-24T08:48:00+00:00\" \/>\n<meta name=\"twitter:card\" content=\"summary_large_image\" \/>\n<meta name=\"twitter:label1\" content=\"Geschatte leestijd\" \/>\n\t<meta name=\"twitter:data1\" content=\"3 minuten\" \/>\n<script type=\"application\/ld+json\" class=\"yoast-schema-graph\">{\"@context\":\"https:\\\/\\\/schema.org\",\"@graph\":[{\"@type\":\"WebPage\",\"@id\":\"https:\\\/\\\/potenciadoktor.com\\\/potencia-gyik-leggyakoribb-kerdesek-valaszok\\\/\",\"url\":\"https:\\\/\\\/potenciadoktor.com\\\/potencia-gyik-leggyakoribb-kerdesek-valaszok\\\/\",\"name\":\"GY.I.K. - Potencia Doktor\",\"isPartOf\":{\"@id\":\"https:\\\/\\\/potenciadoktor.com\\\/#website\"},\"datePublished\":\"2025-03-03T17:02:00+00:00\",\"dateModified\":\"2026-02-24T08:48:00+00:00\",\"description\":\"Mennyi id\u0151 alatt fejti ki hat\u00e1s\u00e1t a Kamagra, Cialis \u00e9s Viagra? A Kamagra \u00e1ltal\u00e1ban a bev\u00e9telt k\u00f6vet\u0151 30-60 percen bel\u00fcl fejti ki hat\u00e1s\u00e1t. A Cialis hat\u00e1sa\",\"breadcrumb\":{\"@id\":\"https:\\\/\\\/potenciadoktor.com\\\/potencia-gyik-leggyakoribb-kerdesek-valaszok\\\/#breadcrumb\"},\"inLanguage\":\"nl-NL\",\"potentialAction\":[{\"@type\":\"ReadAction\",\"target\":[\"https:\\\/\\\/potenciadoktor.com\\\/potencia-gyik-leggyakoribb-kerdesek-valaszok\\\/\"]}]},{\"@type\":\"BreadcrumbList\",\"@id\":\"https:\\\/\\\/potenciadoktor.com\\\/potencia-gyik-leggyakoribb-kerdesek-valaszok\\\/#breadcrumb\",\"itemListElement\":[{\"@type\":\"ListItem\",\"position\":1,\"name\":\"Kezd\u0151lap\",\"item\":\"https:\\\/\\\/potenciadoktor.com\\\/\"},{\"@type\":\"ListItem\",\"position\":2,\"name\":\"GY.I.K.\"}]},{\"@type\":\"WebSite\",\"@id\":\"https:\\\/\\\/potenciadoktor.com\\\/#website\",\"url\":\"https:\\\/\\\/potenciadoktor.com\\\/\",\"name\":\"Potencia Doktor\",\"description\":\"Kamagra Rendel\u00e9s Gyors Sz\u00e1ll\u00edt\u00e1ssal\",\"publisher\":{\"@id\":\"https:\\\/\\\/potenciadoktor.com\\\/#organization\"},\"potentialAction\":[{\"@type\":\"SearchAction\",\"target\":{\"@type\":\"EntryPoint\",\"urlTemplate\":\"https:\\\/\\\/potenciadoktor.com\\\/?s={search_term_string}\"},\"query-input\":{\"@type\":\"PropertyValueSpecification\",\"valueRequired\":true,\"valueName\":\"search_term_string\"}}],\"inLanguage\":\"nl-NL\"},{\"@type\":\"Organization\",\"@id\":\"https:\\\/\\\/potenciadoktor.com\\\/#organization\",\"name\":\"Potencia Doktor\",\"url\":\"https:\\\/\\\/potenciadoktor.com\\\/\",\"logo\":{\"@type\":\"ImageObject\",\"inLanguage\":\"nl-NL\",\"@id\":\"https:\\\/\\\/potenciadoktor.com\\\/#\\\/schema\\\/logo\\\/image\\\/\",\"url\":\"https:\\\/\\\/potenciadoktor.com\\\/wp-content\\\/uploads\\\/2025\\\/03\\\/potencia_doktor_logo_n.png\",\"contentUrl\":\"https:\\\/\\\/potenciadoktor.com\\\/wp-content\\\/uploads\\\/2025\\\/03\\\/potencia_doktor_logo_n.png\",\"width\":1011,\"height\":316,\"caption\":\"Potencia Doktor\"},\"image\":{\"@id\":\"https:\\\/\\\/potenciadoktor.com\\\/#\\\/schema\\\/logo\\\/image\\\/\"}}]}<\/script>\n<!-- \/ Yoast SEO plugin. -->","yoast_head_json":{"title":"GY.I.K. - Dokter Potencia","description":"Mennyi id\u0151 alatt fejti ki hat\u00e1s\u00e1t a Kamagra, Cialis \u00e9s Viagra? A Kamagra \u00e1ltal\u00e1ban a bev\u00e9telt k\u00f6vet\u0151 30-60 percen bel\u00fcl fejti ki hat\u00e1s\u00e1t. A Cialis hat\u00e1sa","robots":{"index":"index","follow":"follow","max-snippet":"max-snippet:-1","max-image-preview":"max-image-preview:large","max-video-preview":"max-video-preview:-1"},"canonical":"https:\/\/potenciadoktor.com\/nl\/potencia-gyik-meest-gestelde-vragen\/","og_locale":"nl_NL","og_type":"article","og_title":"GY.I.K. - Potencia Doktor","og_description":"Mennyi id\u0151 alatt fejti ki hat\u00e1s\u00e1t a Kamagra, Cialis \u00e9s Viagra? A Kamagra \u00e1ltal\u00e1ban a bev\u00e9telt k\u00f6vet\u0151 30-60 percen bel\u00fcl fejti ki hat\u00e1s\u00e1t. A Cialis hat\u00e1sa","og_url":"https:\/\/potenciadoktor.com\/nl\/potencia-gyik-meest-gestelde-vragen\/","og_site_name":"Potencia Doktor","article_modified_time":"2026-02-24T08:48:00+00:00","twitter_card":"summary_large_image","twitter_misc":{"Geschatte leestijd":"3 minuten"},"schema":{"@context":"https:\/\/schema.org","@graph":[{"@type":"WebPage","@id":"https:\/\/potenciadoktor.com\/potencia-gyik-leggyakoribb-kerdesek-valaszok\/","url":"https:\/\/potenciadoktor.com\/potencia-gyik-leggyakoribb-kerdesek-valaszok\/","name":"GY.I.K. - Dokter Potencia","isPartOf":{"@id":"https:\/\/potenciadoktor.com\/#website"},"datePublished":"2025-03-03T17:02:00+00:00","dateModified":"2026-02-24T08:48:00+00:00","description":"Mennyi id\u0151 alatt fejti ki hat\u00e1s\u00e1t a Kamagra, Cialis \u00e9s Viagra? A Kamagra \u00e1ltal\u00e1ban a bev\u00e9telt k\u00f6vet\u0151 30-60 percen bel\u00fcl fejti ki hat\u00e1s\u00e1t. A Cialis hat\u00e1sa","breadcrumb":{"@id":"https:\/\/potenciadoktor.com\/potencia-gyik-leggyakoribb-kerdesek-valaszok\/#breadcrumb"},"inLanguage":"nl-NL","potentialAction":[{"@type":"ReadAction","target":["https:\/\/potenciadoktor.com\/potencia-gyik-leggyakoribb-kerdesek-valaszok\/"]}]},{"@type":"BreadcrumbList","@id":"https:\/\/potenciadoktor.com\/potencia-gyik-leggyakoribb-kerdesek-valaszok\/#breadcrumb","itemListElement":[{"@type":"ListItem","position":1,"name":"Kezd\u0151lap","item":"https:\/\/potenciadoktor.com\/"},{"@type":"ListItem","position":2,"name":"GY.I.K."}]},{"@type":"WebSite","@id":"https:\/\/potenciadoktor.com\/#website","url":"https:\/\/potenciadoktor.com\/","name":"Potencia Dokter","description":"Kamagra Bestelling met snelle verzending","publisher":{"@id":"https:\/\/potenciadoktor.com\/#organization"},"potentialAction":[{"@type":"SearchAction","target":{"@type":"EntryPoint","urlTemplate":"https:\/\/potenciadoktor.com\/?s={search_term_string}"},"query-input":{"@type":"PropertyValueSpecification","valueRequired":true,"valueName":"search_term_string"}}],"inLanguage":"nl-NL"},{"@type":"Organization","@id":"https:\/\/potenciadoktor.com\/#organization","name":"Potencia Dokter","url":"https:\/\/potenciadoktor.com\/","logo":{"@type":"ImageObject","inLanguage":"nl-NL","@id":"https:\/\/potenciadoktor.com\/#\/schema\/logo\/image\/","url":"https:\/\/potenciadoktor.com\/wp-content\/uploads\/2025\/03\/potencia_doktor_logo_n.png","contentUrl":"https:\/\/potenciadoktor.com\/wp-content\/uploads\/2025\/03\/potencia_doktor_logo_n.png","width":1011,"height":316,"caption":"Potencia Doktor"},"image":{"@id":"https:\/\/potenciadoktor.com\/#\/schema\/logo\/image\/"}}]}},"_links":{"self":[{"href":"https:\/\/potenciadoktor.com\/nl\/wp-json\/wp\/v2\/pages\/575","targetHints":{"allow":["GET"]}}],"collection":[{"href":"https:\/\/potenciadoktor.com\/nl\/wp-json\/wp\/v2\/pages"}],"about":[{"href":"https:\/\/potenciadoktor.com\/nl\/wp-json\/wp\/v2\/types\/page"}],"author":[{"embeddable":true,"href":"https:\/\/potenciadoktor.com\/nl\/wp-json\/wp\/v2\/users\/1"}],"replies":[{"embeddable":true,"href":"https:\/\/potenciadoktor.com\/nl\/wp-json\/wp\/v2\/comments?post=575"}],"version-history":[{"count":4,"href":"https:\/\/potenciadoktor.com\/nl\/wp-json\/wp\/v2\/pages\/575\/revisions"}],"predecessor-version":[{"id":1317,"href":"https:\/\/potenciadoktor.com\/nl\/wp-json\/wp\/v2\/pages\/575\/revisions\/1317"}],"wp:attachment":[{"href":"https:\/\/potenciadoktor.com\/nl\/wp-json\/wp\/v2\/media?parent=575"}],"curies":[{"name":"wp","href":"https:\/\/api.w.org\/{rel}","templated":true}]}}