{"id":590,"date":"2025-03-03T18:26:11","date_gmt":"2025-03-03T17:26:11","guid":{"rendered":"https:\/\/potenciadoktor.com\/?page_id=590"},"modified":"2026-02-24T09:49:27","modified_gmt":"2026-02-24T08:49:27","slug":"informatie-op-de-site","status":"publish","type":"page","link":"https:\/\/potenciadoktor.com\/nl\/szallitasi-informaciok\/","title":{"rendered":"Informatie over levering"},"content":{"rendered":"<h2><b>Informatie over bezorging - Snelle, discrete en veilige bezorging<\/b><\/h2>\n<h3><b>\ud83d\ude9a <\/b><b>Levertijd<\/b><\/h3>\n<p class=\"p3\">Na het verwerken van je bestelling wordt je pakket <span class=\"s2\"><b>meestal binnen 1-2 werkdagen<\/b><\/span> kun je het overal in Hongarije krijgen. Dankzij onze snelheid kun je de volgende dag al genieten van de effecten.<\/p>\n<h3><b>\ud83d\udce6 <\/b><b>Beschikbare leveringsmethoden<\/b><\/h3>\n<ul>\n<li>\n<p class=\"p1\"><span class=\"s1\"><b>Pakketautomaat Foxpost<\/b><\/span> - Snel en flexibel ophalen in de meeste delen van het land. Discreet en anoniem.<\/p>\n<\/li>\n<li>\n<p class=\"p1\"><span class=\"s1\"><b>MPL Pakketautomaat<\/b><\/span> - Levering aan een postautomaat als je het dichter bij het postkantoor of verder van huis wilt ophalen.<\/p>\n<\/li>\n<\/ul>\n<h3><b>\ud83d\udd12 <\/b><b>Discrete verpakking - Complete beveiliging<\/b><\/h3>\n<p class=\"p3\">Uw bestelling <span class=\"s2\"><b>in neutrale verpakking zonder etikettering<\/b><\/span> we verzenden. Noch de koerier, noch jouw omgeving weet wat er in het pakket zit - dus <span class=\"s2\"><b>winkelen in alle discretie<\/b><\/span>.<\/p>\n<h3><b>\u2139\ufe0f <\/b><b>Meer belangrijke informatie<\/b><\/h3>\n<ul>\n<li>\n<p class=\"p1\"><span class=\"s1\"><b>Online bestellen<\/b><\/span>Je kunt alleen via onze online shop bestellen. Het is niet mogelijk om persoonlijk of telefonisch te bestellen.<\/p>\n<\/li>\n<li>\n<p class=\"p1\"><b>Leveringsgebied<\/b><span class=\"s1\">: Onze service <\/span><b>in heel Hongarije<\/b><span class=\"s1\"> beschikbaar.<\/span><\/p>\n<\/li>\n<\/ul>\n<p><b>\ud83c\udfaf <\/b><b>Waarom kiezen voor ons transport?<\/b><\/p>\n<ul>\n<li>\n<p class=\"p1\">Discrete, anonieme verpakking<\/p>\n<\/li>\n<li>\n<p class=\"p1\">\u2705 Snelle levering - tot 24 uur<\/p>\n<\/li>\n<li>\n<p class=\"p1\">\u2705 Foxpost en MPL-automaten, flexibele afhaling<\/p>\n<\/li>\n<li>\n<p class=\"p1\">Veilig, anoniem winkelen voor potentieverhogende producten<\/p>\n<\/li>\n<\/ul>\n<blockquote><p>\u2705 <span class=\"s1\"><b>Klaar om te bestellen?<\/b><\/span> Klik hier: <a href=\"https:\/\/potenciadoktor.com\/nl\/kamagra-recept\/\">Kamagra nu bestellen<\/a><\/p><\/blockquote>","protected":false},"excerpt":{"rendered":"<p>Sz\u00e1ll\u00edt\u00e1si Inform\u00e1ci\u00f3k \u2013 Gyors, diszkr\u00e9t \u00e9s biztons\u00e1gos k\u00e9zbes\u00edt\u00e9s \ud83d\ude9a Sz\u00e1ll\u00edt\u00e1si Id\u0151 Rendel\u00e9sed feldolgoz\u00e1sa ut\u00e1n a csomagot \u00e1ltal\u00e1ban 1\u20132 munkanapon bel\u00fcl k\u00e9zhez kapod Magyarorsz\u00e1g b\u00e1rmely pontj\u00e1n. Gyorsas\u00e1gunknak k\u00f6sz\u00f6nhet\u0151en ak\u00e1r m\u00e1r m\u00e1snap \u00e9lvezheted a hat\u00e1st. \ud83d\udce6 El\u00e9rhet\u0151 Sz\u00e1ll\u00edt\u00e1si M\u00f3dok Foxpost Csomagautomata \u2013 Gyors \u00e9s rugalmas \u00e1tv\u00e9tel az orsz\u00e1g legt\u00f6bb pontj\u00e1n. Diszkr\u00e9ten \u00e9s n\u00e9v n\u00e9lk\u00fcl. MPL Csomagautomata \u2013 [&hellip;]<\/p>\n","protected":false},"author":1,"featured_media":0,"parent":0,"menu_order":0,"comment_status":"closed","ping_status":"closed","template":"","meta":{"footnotes":""},"class_list":["post-590","page","type-page","status-publish","hentry"],"yoast_head":"<!-- This site is optimized with the Yoast SEO plugin v27.3 - https:\/\/yoast.com\/product\/yoast-seo-wordpress\/ -->\n<title>Sz\u00e1ll\u00edt\u00e1si inform\u00e1ci\u00f3k - Potencia Doktor<\/title>\n<meta name=\"description\" content=\"Sz\u00e1ll\u00edt\u00e1si Inform\u00e1ci\u00f3k \u2013 Gyors, diszkr\u00e9t \u00e9s biztons\u00e1gos k\u00e9zbes\u00edt\u00e9s \ud83d\ude9a Sz\u00e1ll\u00edt\u00e1si Id\u0151 Rendel\u00e9sed feldolgoz\u00e1sa ut\u00e1n a csomagot \u00e1ltal\u00e1ban 1\u20132 munkanapon bel\u00fcl\" \/>\n<meta name=\"robots\" content=\"index, follow, max-snippet:-1, max-image-preview:large, max-video-preview:-1\" \/>\n<link rel=\"canonical\" href=\"https:\/\/potenciadoktor.com\/nl\/informatie-op-de-site\/\" \/>\n<meta property=\"og:locale\" content=\"nl_NL\" \/>\n<meta property=\"og:type\" content=\"article\" \/>\n<meta property=\"og:title\" content=\"Sz\u00e1ll\u00edt\u00e1si inform\u00e1ci\u00f3k - Potencia Doktor\" \/>\n<meta property=\"og:description\" content=\"Sz\u00e1ll\u00edt\u00e1si Inform\u00e1ci\u00f3k \u2013 Gyors, diszkr\u00e9t \u00e9s biztons\u00e1gos k\u00e9zbes\u00edt\u00e9s \ud83d\ude9a Sz\u00e1ll\u00edt\u00e1si Id\u0151 Rendel\u00e9sed feldolgoz\u00e1sa ut\u00e1n a csomagot \u00e1ltal\u00e1ban 1\u20132 munkanapon bel\u00fcl\" \/>\n<meta property=\"og:url\" content=\"https:\/\/potenciadoktor.com\/nl\/informatie-op-de-site\/\" \/>\n<meta property=\"og:site_name\" content=\"Potencia Doktor\" \/>\n<meta property=\"article:modified_time\" content=\"2026-02-24T08:49:27+00:00\" \/>\n<meta name=\"twitter:card\" content=\"summary_large_image\" \/>\n<meta name=\"twitter:label1\" content=\"Geschatte leestijd\" \/>\n\t<meta name=\"twitter:data1\" content=\"1 minuut\" \/>\n<script type=\"application\/ld+json\" class=\"yoast-schema-graph\">{\"@context\":\"https:\\\/\\\/schema.org\",\"@graph\":[{\"@type\":\"WebPage\",\"@id\":\"https:\\\/\\\/potenciadoktor.com\\\/szallitasi-informaciok\\\/\",\"url\":\"https:\\\/\\\/potenciadoktor.com\\\/szallitasi-informaciok\\\/\",\"name\":\"Sz\u00e1ll\u00edt\u00e1si inform\u00e1ci\u00f3k - Potencia Doktor\",\"isPartOf\":{\"@id\":\"https:\\\/\\\/potenciadoktor.com\\\/#website\"},\"datePublished\":\"2025-03-03T17:26:11+00:00\",\"dateModified\":\"2026-02-24T08:49:27+00:00\",\"description\":\"Sz\u00e1ll\u00edt\u00e1si Inform\u00e1ci\u00f3k \u2013 Gyors, diszkr\u00e9t \u00e9s biztons\u00e1gos k\u00e9zbes\u00edt\u00e9s \ud83d\ude9a Sz\u00e1ll\u00edt\u00e1si Id\u0151 Rendel\u00e9sed feldolgoz\u00e1sa ut\u00e1n a csomagot \u00e1ltal\u00e1ban 1\u20132 munkanapon bel\u00fcl\",\"breadcrumb\":{\"@id\":\"https:\\\/\\\/potenciadoktor.com\\\/szallitasi-informaciok\\\/#breadcrumb\"},\"inLanguage\":\"nl-NL\",\"potentialAction\":[{\"@type\":\"ReadAction\",\"target\":[\"https:\\\/\\\/potenciadoktor.com\\\/szallitasi-informaciok\\\/\"]}]},{\"@type\":\"BreadcrumbList\",\"@id\":\"https:\\\/\\\/potenciadoktor.com\\\/szallitasi-informaciok\\\/#breadcrumb\",\"itemListElement\":[{\"@type\":\"ListItem\",\"position\":1,\"name\":\"Kezd\u0151lap\",\"item\":\"https:\\\/\\\/potenciadoktor.com\\\/\"},{\"@type\":\"ListItem\",\"position\":2,\"name\":\"Sz\u00e1ll\u00edt\u00e1si inform\u00e1ci\u00f3k\"}]},{\"@type\":\"WebSite\",\"@id\":\"https:\\\/\\\/potenciadoktor.com\\\/#website\",\"url\":\"https:\\\/\\\/potenciadoktor.com\\\/\",\"name\":\"Potencia Doktor\",\"description\":\"Kamagra Rendel\u00e9s Gyors Sz\u00e1ll\u00edt\u00e1ssal\",\"publisher\":{\"@id\":\"https:\\\/\\\/potenciadoktor.com\\\/#organization\"},\"potentialAction\":[{\"@type\":\"SearchAction\",\"target\":{\"@type\":\"EntryPoint\",\"urlTemplate\":\"https:\\\/\\\/potenciadoktor.com\\\/?s={search_term_string}\"},\"query-input\":{\"@type\":\"PropertyValueSpecification\",\"valueRequired\":true,\"valueName\":\"search_term_string\"}}],\"inLanguage\":\"nl-NL\"},{\"@type\":\"Organization\",\"@id\":\"https:\\\/\\\/potenciadoktor.com\\\/#organization\",\"name\":\"Potencia Doktor\",\"url\":\"https:\\\/\\\/potenciadoktor.com\\\/\",\"logo\":{\"@type\":\"ImageObject\",\"inLanguage\":\"nl-NL\",\"@id\":\"https:\\\/\\\/potenciadoktor.com\\\/#\\\/schema\\\/logo\\\/image\\\/\",\"url\":\"https:\\\/\\\/potenciadoktor.com\\\/wp-content\\\/uploads\\\/2025\\\/03\\\/potencia_doktor_logo_n.png\",\"contentUrl\":\"https:\\\/\\\/potenciadoktor.com\\\/wp-content\\\/uploads\\\/2025\\\/03\\\/potencia_doktor_logo_n.png\",\"width\":1011,\"height\":316,\"caption\":\"Potencia Doktor\"},\"image\":{\"@id\":\"https:\\\/\\\/potenciadoktor.com\\\/#\\\/schema\\\/logo\\\/image\\\/\"}}]}<\/script>\n<!-- \/ Yoast SEO plugin. -->","yoast_head_json":{"title":"Leveringsinformatie - Potencia Doctor","description":"Sz\u00e1ll\u00edt\u00e1si Inform\u00e1ci\u00f3k \u2013 Gyors, diszkr\u00e9t \u00e9s biztons\u00e1gos k\u00e9zbes\u00edt\u00e9s \ud83d\ude9a Sz\u00e1ll\u00edt\u00e1si Id\u0151 Rendel\u00e9sed feldolgoz\u00e1sa ut\u00e1n a csomagot \u00e1ltal\u00e1ban 1\u20132 munkanapon bel\u00fcl","robots":{"index":"index","follow":"follow","max-snippet":"max-snippet:-1","max-image-preview":"max-image-preview:large","max-video-preview":"max-video-preview:-1"},"canonical":"https:\/\/potenciadoktor.com\/nl\/informatie-op-de-site\/","og_locale":"nl_NL","og_type":"article","og_title":"Sz\u00e1ll\u00edt\u00e1si inform\u00e1ci\u00f3k - Potencia Doktor","og_description":"Sz\u00e1ll\u00edt\u00e1si Inform\u00e1ci\u00f3k \u2013 Gyors, diszkr\u00e9t \u00e9s biztons\u00e1gos k\u00e9zbes\u00edt\u00e9s \ud83d\ude9a Sz\u00e1ll\u00edt\u00e1si Id\u0151 Rendel\u00e9sed feldolgoz\u00e1sa ut\u00e1n a csomagot \u00e1ltal\u00e1ban 1\u20132 munkanapon bel\u00fcl","og_url":"https:\/\/potenciadoktor.com\/nl\/informatie-op-de-site\/","og_site_name":"Potencia Doktor","article_modified_time":"2026-02-24T08:49:27+00:00","twitter_card":"summary_large_image","twitter_misc":{"Geschatte leestijd":"1 minuut"},"schema":{"@context":"https:\/\/schema.org","@graph":[{"@type":"WebPage","@id":"https:\/\/potenciadoktor.com\/szallitasi-informaciok\/","url":"https:\/\/potenciadoktor.com\/szallitasi-informaciok\/","name":"Leveringsinformatie - Potencia Doctor","isPartOf":{"@id":"https:\/\/potenciadoktor.com\/#website"},"datePublished":"2025-03-03T17:26:11+00:00","dateModified":"2026-02-24T08:49:27+00:00","description":"Sz\u00e1ll\u00edt\u00e1si Inform\u00e1ci\u00f3k \u2013 Gyors, diszkr\u00e9t \u00e9s biztons\u00e1gos k\u00e9zbes\u00edt\u00e9s \ud83d\ude9a Sz\u00e1ll\u00edt\u00e1si Id\u0151 Rendel\u00e9sed feldolgoz\u00e1sa ut\u00e1n a csomagot \u00e1ltal\u00e1ban 1\u20132 munkanapon bel\u00fcl","breadcrumb":{"@id":"https:\/\/potenciadoktor.com\/szallitasi-informaciok\/#breadcrumb"},"inLanguage":"nl-NL","potentialAction":[{"@type":"ReadAction","target":["https:\/\/potenciadoktor.com\/szallitasi-informaciok\/"]}]},{"@type":"BreadcrumbList","@id":"https:\/\/potenciadoktor.com\/szallitasi-informaciok\/#breadcrumb","itemListElement":[{"@type":"ListItem","position":1,"name":"Kezd\u0151lap","item":"https:\/\/potenciadoktor.com\/"},{"@type":"ListItem","position":2,"name":"Sz\u00e1ll\u00edt\u00e1si inform\u00e1ci\u00f3k"}]},{"@type":"WebSite","@id":"https:\/\/potenciadoktor.com\/#website","url":"https:\/\/potenciadoktor.com\/","name":"Potencia Dokter","description":"Kamagra Bestelling met snelle verzending","publisher":{"@id":"https:\/\/potenciadoktor.com\/#organization"},"potentialAction":[{"@type":"SearchAction","target":{"@type":"EntryPoint","urlTemplate":"https:\/\/potenciadoktor.com\/?s={search_term_string}"},"query-input":{"@type":"PropertyValueSpecification","valueRequired":true,"valueName":"search_term_string"}}],"inLanguage":"nl-NL"},{"@type":"Organization","@id":"https:\/\/potenciadoktor.com\/#organization","name":"Potencia Dokter","url":"https:\/\/potenciadoktor.com\/","logo":{"@type":"ImageObject","inLanguage":"nl-NL","@id":"https:\/\/potenciadoktor.com\/#\/schema\/logo\/image\/","url":"https:\/\/potenciadoktor.com\/wp-content\/uploads\/2025\/03\/potencia_doktor_logo_n.png","contentUrl":"https:\/\/potenciadoktor.com\/wp-content\/uploads\/2025\/03\/potencia_doktor_logo_n.png","width":1011,"height":316,"caption":"Potencia Doktor"},"image":{"@id":"https:\/\/potenciadoktor.com\/#\/schema\/logo\/image\/"}}]}},"_links":{"self":[{"href":"https:\/\/potenciadoktor.com\/nl\/wp-json\/wp\/v2\/pages\/590","targetHints":{"allow":["GET"]}}],"collection":[{"href":"https:\/\/potenciadoktor.com\/nl\/wp-json\/wp\/v2\/pages"}],"about":[{"href":"https:\/\/potenciadoktor.com\/nl\/wp-json\/wp\/v2\/types\/page"}],"author":[{"embeddable":true,"href":"https:\/\/potenciadoktor.com\/nl\/wp-json\/wp\/v2\/users\/1"}],"replies":[{"embeddable":true,"href":"https:\/\/potenciadoktor.com\/nl\/wp-json\/wp\/v2\/comments?post=590"}],"version-history":[{"count":7,"href":"https:\/\/potenciadoktor.com\/nl\/wp-json\/wp\/v2\/pages\/590\/revisions"}],"predecessor-version":[{"id":1320,"href":"https:\/\/potenciadoktor.com\/nl\/wp-json\/wp\/v2\/pages\/590\/revisions\/1320"}],"wp:attachment":[{"href":"https:\/\/potenciadoktor.com\/nl\/wp-json\/wp\/v2\/media?parent=590"}],"curies":[{"name":"wp","href":"https:\/\/api.w.org\/{rel}","templated":true}]}}