{"id":575,"date":"2025-03-03T18:02:00","date_gmt":"2025-03-03T17:02:00","guid":{"rendered":"https:\/\/potenciadoktor.com\/?page_id=575"},"modified":"2026-02-24T09:48:00","modified_gmt":"2026-02-24T08:48:00","slug":"potencia-gyik-najcastejsie-kladene-otazky","status":"publish","type":"page","link":"https:\/\/potenciadoktor.com\/sk\/potencia-gyik-leggyakoribb-kerdesek-valaszok\/","title":{"rendered":"GY.I.K."},"content":{"rendered":"<h2 class=\"p1\"><b>Ako dlho trv\u00e1 \u00fa\u010dinok Kamagra, Cialisu a Viagra?<\/b><b><\/b><\/h2>\n<p class=\"p3\">A <span class=\"s1\"><b>Kamagra<\/b><\/span> zvy\u010dajne \u00fa\u010dinkuje do 30-60 min\u00fat po po\u017eit\u00ed. A <span class=\"s1\"><b>Cialis<\/b><\/span> \u00da\u010dinok trv\u00e1 pribli\u017ene 30 min\u00fat a m\u00f4\u017ee trva\u0165 a\u017e 36 hod\u00edn. A <span class=\"s1\"><b>Viagra<\/b><\/span> \u00fa\u010dinok sa dostav\u00ed do 30-60 min\u00fat a trv\u00e1 pribli\u017ene 4-5 hod\u00edn. Je d\u00f4le\u017eit\u00e9 poznamena\u0165, \u017ee tieto \u010dasy sa u jednotliv\u00fdch os\u00f4b l\u00ed\u0161ia a m\u00f4\u017eu by\u0165 ovplyvnen\u00e9 pr\u00edjmom potravy a alkoholu.<\/p>\n<h2 class=\"p1\"><b>Ak\u00e9 s\u00fa mo\u017en\u00e9 ved\u013eaj\u0161ie \u00fa\u010dinky Kamagra, Cialisu a Viagra?<\/b><b><\/b><\/h2>\n<p class=\"p3\">Pri v\u0161etk\u00fdch troch liekoch na zv\u00fd\u0161enie \u00fa\u010dinnosti sa m\u00f4\u017eu vyskytn\u00fa\u0165 ved\u013eaj\u0161ie \u00fa\u010dinky. Medzi naj\u010dastej\u0161ie patria boles\u0165 hlavy, s\u010dervenanie, upchatie nosa, z\u00e1vraty a tr\u00e1viace \u0165a\u017ekosti. Menej \u010dasto m\u00f4\u017eu sp\u00f4sobi\u0165 poruchy zraku, stratu sluchu alebo dlhotrvaj\u00facu bolestiv\u00fa erekciu (priapizmus). Ak sa u v\u00e1s vyskytn\u00fa ak\u00e9ko\u013evek nepr\u00edjemn\u00e9 pr\u00edznaky, mali by ste sa poradi\u0165 so svoj\u00edm lek\u00e1rom.<\/p>\n<h2 class=\"p1\"><b>Ako m\u00e1m u\u017e\u00edva\u0165 tablety Kamagra, Cialis a Viagra?<\/b><b><\/b><\/h2>\n<p class=\"p3\">A <span class=\"s1\"><b>Kamagra<\/b><\/span> Odpor\u00fa\u010dan\u00e1 d\u00e1vka je 50 mg denne, ale v pr\u00edpade potreby sa m\u00f4\u017ee zv\u00fd\u0161i\u0165 na 100 mg alebo zn\u00ed\u017ei\u0165 na 25 mg. A <span class=\"s1\"><b>Cialis<\/b><\/span> odpor\u00fa\u010dan\u00e1 za\u010diato\u010dn\u00e1 d\u00e1vka je 10 mg, ktor\u00fa mo\u017eno v pr\u00edpade potreby zv\u00fd\u0161i\u0165 na 20 mg. A <span class=\"s1\"><b>Viagra<\/b><\/span> odpor\u00fa\u010dan\u00e1 za\u010diato\u010dn\u00e1 d\u00e1vka je 50 mg, ktor\u00e1 sa m\u00f4\u017ee zn\u00ed\u017ei\u0165 na 25 mg alebo zv\u00fd\u0161i\u0165 na 100 mg v z\u00e1vislosti od individu\u00e1lnej tolerancie. Tieto lieky sa maj\u00fa pou\u017e\u00edva\u0165 raz denne a odpor\u00fa\u010dan\u00e1 d\u00e1vka sa nem\u00e1 prekro\u010di\u0165.<\/p>\n<h2 class=\"p1\"><b>Ako \u010dasto m\u00f4\u017eem pou\u017e\u00edva\u0165 Kamagra, Cialis a Viagra?<\/b><b><\/b><\/h2>\n<p class=\"p3\">V\u0161etky tri pr\u00edpravky sa maj\u00fa pou\u017e\u00edva\u0165 raz denne. Odpor\u00fa\u010dan\u00e1 denn\u00e1 d\u00e1vka by sa nemala prekro\u010di\u0165, preto\u017ee to m\u00f4\u017ee zv\u00fd\u0161i\u0165 riziko ved\u013eaj\u0161\u00edch \u00fa\u010dinkov. Ak potrebujete u\u017e\u00edva\u0165 pr\u00edpravok na zv\u00fd\u0161enie potencie \u010dastej\u0161ie, pora\u010fte sa so svoj\u00edm lek\u00e1rom, aby sa zabezpe\u010dila spr\u00e1vna lie\u010dba.<\/p>\n<h2 class=\"p1\"><b>V ktor\u00fdch pr\u00edpadoch sa Kamagra, Cialis a Viagra neodpor\u00fa\u010daj\u00fa?<\/b><b><\/b><\/h2>\n<p class=\"p3\">Tieto lieky sa neodpor\u00fa\u010daj\u00fa, ak:<\/p>\n<p class=\"p4\">-U\u017e\u00edvate lieky obsahuj\u00face dusi\u010dnany.<\/p>\n<p class=\"p4\">-z\u00e1va\u017en\u00e9 ochorenie srdca alebo pe\u010dene.<\/p>\n<p class=\"p4\">-Ned\u00e1vno ste prekonali infarkt alebo m\u0155tvicu.<\/p>\n<p class=\"p4\">-M\u00e1 n\u00edzky krvn\u00fd tlak.<\/p>\n<p class=\"p4\">-trp\u00ed niektor\u00fdmi zriedkav\u00fdmi dedi\u010dn\u00fdmi o\u010dn\u00fdmi chorobami.<\/p>\n<p class=\"p3\">Pred pou\u017eit\u00edm ak\u00fdchko\u013evek liekov na zv\u00fd\u0161enie potencie sa pora\u010fte so svoj\u00edm lek\u00e1rom, najm\u00e4 ak m\u00e1te ak\u00e9ko\u013evek zdravotn\u00e9 probl\u00e9my alebo u\u017e\u00edvate in\u00e9 lieky.<\/p>\n<h2 class=\"p1\"><b>Ako ovplyv\u0148uje konzum\u00e1cia alkoholu \u00fa\u010dinnos\u0165 liekov Kamagra, Cialis a Viagra?<\/b><b><\/b><\/h2>\n<p class=\"p3\">Pitie alkoholu m\u00f4\u017ee zn\u00ed\u017ei\u0165 \u00fa\u010dinnos\u0165 t\u00fdchto liekov a zv\u00fd\u0161i\u0165 riziko ved\u013eaj\u0161\u00edch \u00fa\u010dinkov. Alkohol inhibuje dosiahnutie a udr\u017eanie erekcie, \u010do m\u00f4\u017ee oslabi\u0165 \u00fa\u010dinok potenci\u00e1torov. Preto sa odpor\u00fa\u010da po\u010das u\u017e\u00edvania tohto lieku zn\u00ed\u017ei\u0165 konzum\u00e1ciu alkoholu alebo sa jej vyhn\u00fa\u0165.<\/p>\n<h2 class=\"p1\"><b>Ako dlho trv\u00e1 \u00fa\u010dinok Kamagra, Cialisu a Viagra?<\/b><b><\/b><\/h2>\n<p class=\"p3\">A <span class=\"s1\"><b>Kamagra<\/b><\/span> \u00fa\u010dinok trv\u00e1 pribli\u017ene 4-6 hod\u00edn. A <span class=\"s1\"><b>Cialis<\/b><\/span> je zvl\u00e1\u0161tny t\u00fdm, \u017ee m\u00f4\u017ee trva\u0165 a\u017e 36 hod\u00edn, preto sa naz\u00fdva aj \u201cv\u00edkendov\u00e1 pilulka\u201d. A <span class=\"s1\"><b>Viagra<\/b><\/span> \u00fa\u010dinok zvy\u010dajne trv\u00e1 4-5 hod\u00edn. Toto trvanie sa u jednotliv\u00fdch os\u00f4b l\u00ed\u0161i a m\u00f4\u017ee by\u0165 ovplyvnen\u00e9 jedlom, pr\u00edjmom alkoholu a in\u00fdmi faktormi.<\/p>","protected":false},"excerpt":{"rendered":"<p>Mennyi id\u0151 alatt fejti ki hat\u00e1s\u00e1t a Kamagra, Cialis \u00e9s Viagra? A Kamagra \u00e1ltal\u00e1ban a bev\u00e9telt k\u00f6vet\u0151 30-60 percen bel\u00fcl fejti ki hat\u00e1s\u00e1t. A Cialis hat\u00e1sa k\u00f6r\u00fclbel\u00fcl 30 percen bel\u00fcl jelentkezik, \u00e9s ak\u00e1r 36 \u00f3r\u00e1n \u00e1t is tarthat. A Viagra eset\u00e9ben a hat\u00e1s 30-60 percen bel\u00fcl \u00e9rezhet\u0151, \u00e9s k\u00f6r\u00fclbel\u00fcl 4-5 \u00f3r\u00e1n \u00e1t tart. Fontos megjegyezni, [&hellip;]<\/p>\n","protected":false},"author":1,"featured_media":0,"parent":0,"menu_order":0,"comment_status":"closed","ping_status":"closed","template":"","meta":{"footnotes":""},"class_list":["post-575","page","type-page","status-publish","hentry"],"yoast_head":"<!-- This site is optimized with the Yoast SEO plugin v27.3 - https:\/\/yoast.com\/product\/yoast-seo-wordpress\/ -->\n<title>GY.I.K. - Potencia Doktor<\/title>\n<meta name=\"description\" content=\"Mennyi id\u0151 alatt fejti ki hat\u00e1s\u00e1t a Kamagra, Cialis \u00e9s Viagra? A Kamagra \u00e1ltal\u00e1ban a bev\u00e9telt k\u00f6vet\u0151 30-60 percen bel\u00fcl fejti ki hat\u00e1s\u00e1t. A Cialis hat\u00e1sa\" \/>\n<meta name=\"robots\" content=\"index, follow, max-snippet:-1, max-image-preview:large, max-video-preview:-1\" \/>\n<link rel=\"canonical\" href=\"https:\/\/potenciadoktor.com\/sk\/potencia-gyik-najcastejsie-kladene-otazky\/\" \/>\n<meta property=\"og:locale\" content=\"sk_SK\" \/>\n<meta property=\"og:type\" content=\"article\" \/>\n<meta property=\"og:title\" content=\"GY.I.K. - Potencia Doktor\" \/>\n<meta property=\"og:description\" content=\"Mennyi id\u0151 alatt fejti ki hat\u00e1s\u00e1t a Kamagra, Cialis \u00e9s Viagra? A Kamagra \u00e1ltal\u00e1ban a bev\u00e9telt k\u00f6vet\u0151 30-60 percen bel\u00fcl fejti ki hat\u00e1s\u00e1t. A Cialis hat\u00e1sa\" \/>\n<meta property=\"og:url\" content=\"https:\/\/potenciadoktor.com\/sk\/potencia-gyik-najcastejsie-kladene-otazky\/\" \/>\n<meta property=\"og:site_name\" content=\"Potencia Doktor\" \/>\n<meta property=\"article:modified_time\" content=\"2026-02-24T08:48:00+00:00\" \/>\n<meta name=\"twitter:card\" content=\"summary_large_image\" \/>\n<meta name=\"twitter:label1\" content=\"Predpokladan\u00fd \u010das \u010d\u00edtania\" \/>\n\t<meta name=\"twitter:data1\" content=\"3 min\u00faty\" \/>\n<script type=\"application\/ld+json\" class=\"yoast-schema-graph\">{\"@context\":\"https:\\\/\\\/schema.org\",\"@graph\":[{\"@type\":\"WebPage\",\"@id\":\"https:\\\/\\\/potenciadoktor.com\\\/potencia-gyik-leggyakoribb-kerdesek-valaszok\\\/\",\"url\":\"https:\\\/\\\/potenciadoktor.com\\\/potencia-gyik-leggyakoribb-kerdesek-valaszok\\\/\",\"name\":\"GY.I.K. - Potencia Doktor\",\"isPartOf\":{\"@id\":\"https:\\\/\\\/potenciadoktor.com\\\/#website\"},\"datePublished\":\"2025-03-03T17:02:00+00:00\",\"dateModified\":\"2026-02-24T08:48:00+00:00\",\"description\":\"Mennyi id\u0151 alatt fejti ki hat\u00e1s\u00e1t a Kamagra, Cialis \u00e9s Viagra? A Kamagra \u00e1ltal\u00e1ban a bev\u00e9telt k\u00f6vet\u0151 30-60 percen bel\u00fcl fejti ki hat\u00e1s\u00e1t. A Cialis hat\u00e1sa\",\"breadcrumb\":{\"@id\":\"https:\\\/\\\/potenciadoktor.com\\\/potencia-gyik-leggyakoribb-kerdesek-valaszok\\\/#breadcrumb\"},\"inLanguage\":\"sk-SK\",\"potentialAction\":[{\"@type\":\"ReadAction\",\"target\":[\"https:\\\/\\\/potenciadoktor.com\\\/potencia-gyik-leggyakoribb-kerdesek-valaszok\\\/\"]}]},{\"@type\":\"BreadcrumbList\",\"@id\":\"https:\\\/\\\/potenciadoktor.com\\\/potencia-gyik-leggyakoribb-kerdesek-valaszok\\\/#breadcrumb\",\"itemListElement\":[{\"@type\":\"ListItem\",\"position\":1,\"name\":\"Kezd\u0151lap\",\"item\":\"https:\\\/\\\/potenciadoktor.com\\\/\"},{\"@type\":\"ListItem\",\"position\":2,\"name\":\"GY.I.K.\"}]},{\"@type\":\"WebSite\",\"@id\":\"https:\\\/\\\/potenciadoktor.com\\\/#website\",\"url\":\"https:\\\/\\\/potenciadoktor.com\\\/\",\"name\":\"Potencia Doktor\",\"description\":\"Kamagra Rendel\u00e9s Gyors Sz\u00e1ll\u00edt\u00e1ssal\",\"publisher\":{\"@id\":\"https:\\\/\\\/potenciadoktor.com\\\/#organization\"},\"potentialAction\":[{\"@type\":\"SearchAction\",\"target\":{\"@type\":\"EntryPoint\",\"urlTemplate\":\"https:\\\/\\\/potenciadoktor.com\\\/?s={search_term_string}\"},\"query-input\":{\"@type\":\"PropertyValueSpecification\",\"valueRequired\":true,\"valueName\":\"search_term_string\"}}],\"inLanguage\":\"sk-SK\"},{\"@type\":\"Organization\",\"@id\":\"https:\\\/\\\/potenciadoktor.com\\\/#organization\",\"name\":\"Potencia Doktor\",\"url\":\"https:\\\/\\\/potenciadoktor.com\\\/\",\"logo\":{\"@type\":\"ImageObject\",\"inLanguage\":\"sk-SK\",\"@id\":\"https:\\\/\\\/potenciadoktor.com\\\/#\\\/schema\\\/logo\\\/image\\\/\",\"url\":\"https:\\\/\\\/potenciadoktor.com\\\/wp-content\\\/uploads\\\/2025\\\/03\\\/potencia_doktor_logo_n.png\",\"contentUrl\":\"https:\\\/\\\/potenciadoktor.com\\\/wp-content\\\/uploads\\\/2025\\\/03\\\/potencia_doktor_logo_n.png\",\"width\":1011,\"height\":316,\"caption\":\"Potencia Doktor\"},\"image\":{\"@id\":\"https:\\\/\\\/potenciadoktor.com\\\/#\\\/schema\\\/logo\\\/image\\\/\"}}]}<\/script>\n<!-- \/ Yoast SEO plugin. -->","yoast_head_json":{"title":"GY.I.K. - Potencia Doctor","description":"Mennyi id\u0151 alatt fejti ki hat\u00e1s\u00e1t a Kamagra, Cialis \u00e9s Viagra? A Kamagra \u00e1ltal\u00e1ban a bev\u00e9telt k\u00f6vet\u0151 30-60 percen bel\u00fcl fejti ki hat\u00e1s\u00e1t. A Cialis hat\u00e1sa","robots":{"index":"index","follow":"follow","max-snippet":"max-snippet:-1","max-image-preview":"max-image-preview:large","max-video-preview":"max-video-preview:-1"},"canonical":"https:\/\/potenciadoktor.com\/sk\/potencia-gyik-najcastejsie-kladene-otazky\/","og_locale":"sk_SK","og_type":"article","og_title":"GY.I.K. - Potencia Doktor","og_description":"Mennyi id\u0151 alatt fejti ki hat\u00e1s\u00e1t a Kamagra, Cialis \u00e9s Viagra? A Kamagra \u00e1ltal\u00e1ban a bev\u00e9telt k\u00f6vet\u0151 30-60 percen bel\u00fcl fejti ki hat\u00e1s\u00e1t. A Cialis hat\u00e1sa","og_url":"https:\/\/potenciadoktor.com\/sk\/potencia-gyik-najcastejsie-kladene-otazky\/","og_site_name":"Potencia Doktor","article_modified_time":"2026-02-24T08:48:00+00:00","twitter_card":"summary_large_image","twitter_misc":{"Predpokladan\u00fd \u010das \u010d\u00edtania":"3 min\u00faty"},"schema":{"@context":"https:\/\/schema.org","@graph":[{"@type":"WebPage","@id":"https:\/\/potenciadoktor.com\/potencia-gyik-leggyakoribb-kerdesek-valaszok\/","url":"https:\/\/potenciadoktor.com\/potencia-gyik-leggyakoribb-kerdesek-valaszok\/","name":"GY.I.K. - Potencia Doctor","isPartOf":{"@id":"https:\/\/potenciadoktor.com\/#website"},"datePublished":"2025-03-03T17:02:00+00:00","dateModified":"2026-02-24T08:48:00+00:00","description":"Mennyi id\u0151 alatt fejti ki hat\u00e1s\u00e1t a Kamagra, Cialis \u00e9s Viagra? A Kamagra \u00e1ltal\u00e1ban a bev\u00e9telt k\u00f6vet\u0151 30-60 percen bel\u00fcl fejti ki hat\u00e1s\u00e1t. A Cialis hat\u00e1sa","breadcrumb":{"@id":"https:\/\/potenciadoktor.com\/potencia-gyik-leggyakoribb-kerdesek-valaszok\/#breadcrumb"},"inLanguage":"sk-SK","potentialAction":[{"@type":"ReadAction","target":["https:\/\/potenciadoktor.com\/potencia-gyik-leggyakoribb-kerdesek-valaszok\/"]}]},{"@type":"BreadcrumbList","@id":"https:\/\/potenciadoktor.com\/potencia-gyik-leggyakoribb-kerdesek-valaszok\/#breadcrumb","itemListElement":[{"@type":"ListItem","position":1,"name":"Kezd\u0151lap","item":"https:\/\/potenciadoktor.com\/"},{"@type":"ListItem","position":2,"name":"GY.I.K."}]},{"@type":"WebSite","@id":"https:\/\/potenciadoktor.com\/#website","url":"https:\/\/potenciadoktor.com\/","name":"Potencia Doctor","description":"Kamagra Objedn\u00e1vka s r\u00fdchlou dopravou","publisher":{"@id":"https:\/\/potenciadoktor.com\/#organization"},"potentialAction":[{"@type":"SearchAction","target":{"@type":"EntryPoint","urlTemplate":"https:\/\/potenciadoktor.com\/?s={search_term_string}"},"query-input":{"@type":"PropertyValueSpecification","valueRequired":true,"valueName":"search_term_string"}}],"inLanguage":"sk-SK"},{"@type":"Organization","@id":"https:\/\/potenciadoktor.com\/#organization","name":"Potencia Doctor","url":"https:\/\/potenciadoktor.com\/","logo":{"@type":"ImageObject","inLanguage":"sk-SK","@id":"https:\/\/potenciadoktor.com\/#\/schema\/logo\/image\/","url":"https:\/\/potenciadoktor.com\/wp-content\/uploads\/2025\/03\/potencia_doktor_logo_n.png","contentUrl":"https:\/\/potenciadoktor.com\/wp-content\/uploads\/2025\/03\/potencia_doktor_logo_n.png","width":1011,"height":316,"caption":"Potencia Doktor"},"image":{"@id":"https:\/\/potenciadoktor.com\/#\/schema\/logo\/image\/"}}]}},"_links":{"self":[{"href":"https:\/\/potenciadoktor.com\/sk\/wp-json\/wp\/v2\/pages\/575","targetHints":{"allow":["GET"]}}],"collection":[{"href":"https:\/\/potenciadoktor.com\/sk\/wp-json\/wp\/v2\/pages"}],"about":[{"href":"https:\/\/potenciadoktor.com\/sk\/wp-json\/wp\/v2\/types\/page"}],"author":[{"embeddable":true,"href":"https:\/\/potenciadoktor.com\/sk\/wp-json\/wp\/v2\/users\/1"}],"replies":[{"embeddable":true,"href":"https:\/\/potenciadoktor.com\/sk\/wp-json\/wp\/v2\/comments?post=575"}],"version-history":[{"count":4,"href":"https:\/\/potenciadoktor.com\/sk\/wp-json\/wp\/v2\/pages\/575\/revisions"}],"predecessor-version":[{"id":1317,"href":"https:\/\/potenciadoktor.com\/sk\/wp-json\/wp\/v2\/pages\/575\/revisions\/1317"}],"wp:attachment":[{"href":"https:\/\/potenciadoktor.com\/sk\/wp-json\/wp\/v2\/media?parent=575"}],"curies":[{"name":"wp","href":"https:\/\/api.w.org\/{rel}","templated":true}]}}