{"id":662,"date":"2025-03-07T12:20:52","date_gmt":"2025-03-07T11:20:52","guid":{"rendered":"https:\/\/potenciadoktor.com\/?page_id=662"},"modified":"2026-02-24T09:48:55","modified_gmt":"2026-02-24T08:48:55","slug":"potencialne-blog","status":"publish","type":"page","link":"https:\/\/potenciadoktor.com\/sk\/potencianovelo-blog\/","title":{"rendered":"Blog o zosil\u0148ova\u010di potencie"},"content":{"rendered":"<div data-elementor-type=\"wp-page\" data-elementor-id=\"662\" class=\"elementor elementor-662\" data-elementor-post-type=\"page\">\n\t\t\t\t<div class=\"elementor-element elementor-element-018748e e-flex e-con-boxed e-con e-parent\" data-id=\"018748e\" data-element_type=\"container\" data-settings=\"{&quot;background_background&quot;:&quot;classic&quot;}\">\n\t\t\t\t\t<div class=\"e-con-inner\">\n\t\t\t\t<div class=\"elementor-element elementor-element-498b943 elementor-widget elementor-widget-heading\" data-id=\"498b943\" data-element_type=\"widget\" data-widget_type=\"heading.default\">\n\t\t\t\t\t<h2 class=\"elementor-heading-title elementor-size-default\">Tipy, rady, sk\u00fasenosti <b>Kamagra<\/b> a <b>Viagra<\/b> na str\u00e1nke .<\/h2>\t\t\t\t<\/div>\n\t\t\t\t<div class=\"elementor-element elementor-element-42dcaa8 elementor-grid-3 elementor-grid-tablet-2 elementor-grid-mobile-1 elementor-posts--thumbnail-top elementor-posts--show-avatar elementor-card-shadow-yes elementor-posts__hover-gradient elementor-widget elementor-widget-posts\" data-id=\"42dcaa8\" data-element_type=\"widget\" data-settings=\"{&quot;cards_columns&quot;:&quot;3&quot;,&quot;cards_columns_tablet&quot;:&quot;2&quot;,&quot;cards_columns_mobile&quot;:&quot;1&quot;,&quot;cards_row_gap&quot;:{&quot;unit&quot;:&quot;px&quot;,&quot;size&quot;:35,&quot;sizes&quot;:[]},&quot;cards_row_gap_tablet&quot;:{&quot;unit&quot;:&quot;px&quot;,&quot;size&quot;:&quot;&quot;,&quot;sizes&quot;:[]},&quot;cards_row_gap_mobile&quot;:{&quot;unit&quot;:&quot;px&quot;,&quot;size&quot;:&quot;&quot;,&quot;sizes&quot;:[]}}\" data-widget_type=\"posts.cards\">\n\t\t\t\t<div class=\"elementor-widget-container\">\n\t\t\t\t\t\t\t<div class=\"elementor-posts-container elementor-posts elementor-posts--skin-cards elementor-grid\">\n\t\t\t\t<article class=\"elementor-post elementor-grid-item post-1369 post type-post status-publish format-standard hentry category-kamagra\">\n\t\t\t<div class=\"elementor-post__card\">\n\t\t\t\t<div class=\"elementor-post__text\">\n\t\t\t\t<h3 class=\"elementor-post__title\">\n\t\t\t<a href=\"https:\/\/potenciadoktor.com\/sk\/viagra-tabletta-2\/\" >\n\t\t\t\tTablety Viagra\t\t\t<\/a>\n\t\t<\/h3>\n\t\t\t\t<div class=\"elementor-post__excerpt\">\n\t\t\t<p>Pre mnoh\u00fdch mu\u017eov m\u00f4\u017ee by\u0165 sexu\u00e1lne uspokojenie v\u00fdzvou a medzi rie\u0161eniami s\u00fa tablety viagra jednou z najzn\u00e1mej\u0161\u00edch mo\u017enost\u00ed. Nie je nezvy\u010dajn\u00e9, \u017ee po prvej tablete sa objavia ot\u00e1zky: ako sa<\/p>\n\t\t<\/div>\n\t\t\n\t\t<a class=\"elementor-post__read-more\" href=\"https:\/\/potenciadoktor.com\/sk\/viagra-tabletta-2\/\" aria-label=\"Read more about Viagra tabletta\" tabindex=\"-1\" >\n\t\t\tPre\u010d\u00edtajte si viac \u00bb\t\t<\/a>\n\n\t\t\t\t<\/div>\n\t\t\t\t<div class=\"elementor-post__meta-data\">\n\t\t\t\t\t<span class=\"elementor-post-date\">\n\t\t\t7 apr\u00edla, 2026\t\t<\/span>\n\t\t\t\t<\/div>\n\t\t\t\t\t<\/div>\n\t\t<\/article>\n\t\t\t\t<article class=\"elementor-post elementor-grid-item post-1368 post type-post status-publish format-standard hentry category-kamagra\">\n\t\t\t<div class=\"elementor-post__card\">\n\t\t\t\t<div class=\"elementor-post__text\">\n\t\t\t\t<h3 class=\"elementor-post__title\">\n\t\t\t<a href=\"https:\/\/potenciadoktor.com\/sk\/eredeti-viagra-rendeles\/\" >\n\t\t\t\tP\u00f4vodn\u00e1 objedn\u00e1vka Viagra\t\t\t<\/a>\n\t\t<\/h3>\n\t\t\t\t<div class=\"elementor-post__excerpt\">\n\t\t\t<p>Mnoh\u00ed \u013eudia si myslia, \u017ee objednanie p\u00f4vodn\u00e9ho Viagra je len jednoduch\u00fd n\u00e1kup. V skuto\u010dnosti si v\u0161ak vzh\u013eadom na mno\u017estvo falzifik\u00e1tov vy\u017eaduje v\u00e1\u017enu pozornos\u0165. Mus\u00edte vedie\u0165, ako rozpozna\u0165 origin\u00e1lny v\u00fdrobok, aby ste sa<\/p>\n\t\t<\/div>\n\t\t\n\t\t<a class=\"elementor-post__read-more\" href=\"https:\/\/potenciadoktor.com\/sk\/eredeti-viagra-rendeles\/\" aria-label=\"Read more about Eredeti Viagra Rendel\u00e9s\" tabindex=\"-1\" >\n\t\t\tPre\u010d\u00edtajte si viac \u00bb\t\t<\/a>\n\n\t\t\t\t<\/div>\n\t\t\t\t<div class=\"elementor-post__meta-data\">\n\t\t\t\t\t<span class=\"elementor-post-date\">\n\t\t\t7 apr\u00edla, 2026\t\t<\/span>\n\t\t\t\t<\/div>\n\t\t\t\t\t<\/div>\n\t\t<\/article>\n\t\t\t\t<article class=\"elementor-post elementor-grid-item post-1367 post type-post status-publish format-standard hentry category-kamagra\">\n\t\t\t<div class=\"elementor-post__card\">\n\t\t\t\t<div class=\"elementor-post__text\">\n\t\t\t\t<h3 class=\"elementor-post__title\">\n\t\t\t<a href=\"https:\/\/potenciadoktor.com\/sk\/minden-amit-a-pfizer-viagra-rol-tudni-kell\/\" >\n\t\t\t\tV\u0161etko, \u010do potrebujete vedie\u0165 o spolo\u010dnosti Pfizer Viagra\t\t\t<\/a>\n\t\t<\/h3>\n\t\t\t\t<div class=\"elementor-post__excerpt\">\n\t\t\t<p>Mnoh\u00ed \u013eudia po\u010duli n\u00e1zov Pfizer Viagra, ale len m\u00e1lo z nich presne ch\u00e1pe, ako funguje a na \u010do sa d\u00e1 pou\u017ei\u0165. Ak chcete vedie\u0165, ak\u00e9 \u00fa\u010dinky m\u00f4\u017eete o\u010dak\u00e1va\u0165 a kedy ho pou\u017e\u00edva\u0165, tento \u010dl\u00e1nok<\/p>\n\t\t<\/div>\n\t\t\n\t\t<a class=\"elementor-post__read-more\" href=\"https:\/\/potenciadoktor.com\/sk\/minden-amit-a-pfizer-viagra-rol-tudni-kell\/\" aria-label=\"Read more about Minden, amit a Pfizer Viagra-r\u00f3l tudni kell\" tabindex=\"-1\" >\n\t\t\tPre\u010d\u00edtajte si viac \u00bb\t\t<\/a>\n\n\t\t\t\t<\/div>\n\t\t\t\t<div class=\"elementor-post__meta-data\">\n\t\t\t\t\t<span class=\"elementor-post-date\">\n\t\t\t7 apr\u00edla, 2026\t\t<\/span>\n\t\t\t\t<\/div>\n\t\t\t\t\t<\/div>\n\t\t<\/article>\n\t\t\t\t<article class=\"elementor-post elementor-grid-item post-1366 post type-post status-publish format-standard hentry category-kamagra\">\n\t\t\t<div class=\"elementor-post__card\">\n\t\t\t\t<div class=\"elementor-post__text\">\n\t\t\t\t<h3 class=\"elementor-post__title\">\n\t\t\t<a href=\"https:\/\/potenciadoktor.com\/sk\/kamagra-akcio\/\" >\n\t\t\t\tAkcia Kamagra\t\t\t<\/a>\n\t\t<\/h3>\n\t\t\t\t<div class=\"elementor-post__excerpt\">\n\t\t\t<p>Akcie Kamagra nie s\u00fa v\u017edy tak\u00e9 jednoduch\u00e9, ako sa zd\u00e1. Ak si ned\u00e1te pozor, m\u00f4\u017eete \u013eahko skon\u010di\u0165 s obchodom, ktor\u00fd nestoj\u00ed za va\u0161e peniaze. V tomto \u010dl\u00e1nku v\u00e1m uk\u00e1\u017eem, \u010do<\/p>\n\t\t<\/div>\n\t\t\n\t\t<a class=\"elementor-post__read-more\" href=\"https:\/\/potenciadoktor.com\/sk\/kamagra-akcio\/\" aria-label=\"Read more about Kamagra akci\u00f3\" tabindex=\"-1\" >\n\t\t\tPre\u010d\u00edtajte si viac \u00bb\t\t<\/a>\n\n\t\t\t\t<\/div>\n\t\t\t\t<div class=\"elementor-post__meta-data\">\n\t\t\t\t\t<span class=\"elementor-post-date\">\n\t\t\t7 apr\u00edla, 2026\t\t<\/span>\n\t\t\t\t<\/div>\n\t\t\t\t\t<\/div>\n\t\t<\/article>\n\t\t\t\t<article class=\"elementor-post elementor-grid-item post-1365 post type-post status-publish format-standard hentry category-kamagra\">\n\t\t\t<div class=\"elementor-post__card\">\n\t\t\t\t<div class=\"elementor-post__text\">\n\t\t\t\t<h3 class=\"elementor-post__title\">\n\t\t\t<a href=\"https:\/\/potenciadoktor.com\/sk\/eredeti-kamagra-zsele\/\" >\n\t\t\t\tOrigin\u00e1lny Kamagra g\u00e9l\t\t\t<\/a>\n\t\t<\/h3>\n\t\t\t\t<div class=\"elementor-post__excerpt\">\n\t\t\t<p>P\u00f4vodn\u00fd g\u00e9l Kamagra zost\u00e1va pre mnoh\u00fdch nezn\u00e1mym tajomstvom. Ak ste h\u013eadali spo\u013eahliv\u00e9 a \u00fa\u010dinn\u00e9 rie\u0161enie, viete, ko\u013eko sklamania je s napodobeninami. V tomto \u010dl\u00e1nku v\u00e1m povieme v\u0161etko, \u010do potrebujete vedie\u0165<\/p>\n\t\t<\/div>\n\t\t\n\t\t<a class=\"elementor-post__read-more\" href=\"https:\/\/potenciadoktor.com\/sk\/eredeti-kamagra-zsele\/\" aria-label=\"Read more about Eredeti Kamagra Zsel\u00e9\" tabindex=\"-1\" >\n\t\t\tPre\u010d\u00edtajte si viac \u00bb\t\t<\/a>\n\n\t\t\t\t<\/div>\n\t\t\t\t<div class=\"elementor-post__meta-data\">\n\t\t\t\t\t<span class=\"elementor-post-date\">\n\t\t\t7 apr\u00edla, 2026\t\t<\/span>\n\t\t\t\t<\/div>\n\t\t\t\t\t<\/div>\n\t\t<\/article>\n\t\t\t\t<article class=\"elementor-post elementor-grid-item post-1364 post type-post status-publish format-standard hentry category-kamagra\">\n\t\t\t<div class=\"elementor-post__card\">\n\t\t\t\t<div class=\"elementor-post__text\">\n\t\t\t\t<h3 class=\"elementor-post__title\">\n\t\t\t<a href=\"https:\/\/potenciadoktor.com\/sk\/kamagra-rendeles-velemenyek\/\" >\n\t\t\t\tKamagra Objedn\u00e1vka Recenzie\t\t\t<\/a>\n\t\t<\/h3>\n\t\t\t\t<div class=\"elementor-post__excerpt\">\n\t\t\t<p>Mnoho \u013eud\u00ed si objedn\u00e1va Kamagru, ale skuto\u010dnou ot\u00e1zkou je: ko\u013eko m\u00f4\u017eete d\u00f4verova\u0165 recenzi\u00e1m? Ak zva\u017eujete n\u00e1kup, stoj\u00ed za to sa jasne pozrie\u0165 na to, \u010do hovoria t\u00ed, ktor\u00ed ju vysk\u00fa\u0161ali. V tomto \u010dl\u00e1nku.<\/p>\n\t\t<\/div>\n\t\t\n\t\t<a class=\"elementor-post__read-more\" href=\"https:\/\/potenciadoktor.com\/sk\/kamagra-rendeles-velemenyek\/\" aria-label=\"Read more about Kamagra Rendel\u00e9s V\u00e9lem\u00e9nyek\" tabindex=\"-1\" >\n\t\t\tPre\u010d\u00edtajte si viac \u00bb\t\t<\/a>\n\n\t\t\t\t<\/div>\n\t\t\t\t<div class=\"elementor-post__meta-data\">\n\t\t\t\t\t<span class=\"elementor-post-date\">\n\t\t\t7 apr\u00edla, 2026\t\t<\/span>\n\t\t\t\t<\/div>\n\t\t\t\t\t<\/div>\n\t\t<\/article>\n\t\t\t\t<\/div>\n\t\t\n\t\t\t\t\t\t<\/div>\n\t\t\t\t<\/div>\n\t\t\t\t\t<\/div>\n\t\t\t\t<\/div>\n\t\t\t\t<\/div>","protected":false},"excerpt":{"rendered":"<p>Tipy, rady, sk\u00fasenosti s Kamagra a Viagra<\/p>","protected":false},"author":1,"featured_media":0,"parent":0,"menu_order":0,"comment_status":"closed","ping_status":"closed","template":"template-fullwidth.php","meta":{"footnotes":""},"class_list":["post-662","page","type-page","status-publish","hentry"],"yoast_head":"<!-- This site is optimized with the Yoast SEO plugin v27.3 - https:\/\/yoast.com\/product\/yoast-seo-wordpress\/ -->\n<title>Potencian\u00f6vel\u0151 blog - Potencia Doktor<\/title>\n<meta name=\"description\" content=\"Tippek, tan\u00e1csok, tapasztalatok Kamagra \u00e9s Viagra t\u00e9m\u00e1ban\" \/>\n<meta name=\"robots\" content=\"index, follow, max-snippet:-1, max-image-preview:large, max-video-preview:-1\" \/>\n<link rel=\"canonical\" href=\"https:\/\/potenciadoktor.com\/sk\/potencialne-blog\/\" \/>\n<meta property=\"og:locale\" content=\"sk_SK\" \/>\n<meta property=\"og:type\" content=\"article\" \/>\n<meta property=\"og:title\" content=\"Potencian\u00f6vel\u0151 blog - Potencia Doktor\" \/>\n<meta property=\"og:description\" content=\"Tippek, tan\u00e1csok, tapasztalatok Kamagra \u00e9s Viagra t\u00e9m\u00e1ban\" \/>\n<meta property=\"og:url\" content=\"https:\/\/potenciadoktor.com\/sk\/potencialne-blog\/\" \/>\n<meta property=\"og:site_name\" content=\"Potencia Doktor\" \/>\n<meta property=\"article:modified_time\" content=\"2026-02-24T08:48:55+00:00\" \/>\n<meta name=\"twitter:card\" content=\"summary_large_image\" \/>\n<script type=\"application\/ld+json\" class=\"yoast-schema-graph\">{\"@context\":\"https:\\\/\\\/schema.org\",\"@graph\":[{\"@type\":\"WebPage\",\"@id\":\"https:\\\/\\\/potenciadoktor.com\\\/potencianovelo-blog\\\/\",\"url\":\"https:\\\/\\\/potenciadoktor.com\\\/potencianovelo-blog\\\/\",\"name\":\"Potencian\u00f6vel\u0151 blog - Potencia Doktor\",\"isPartOf\":{\"@id\":\"https:\\\/\\\/potenciadoktor.com\\\/#website\"},\"datePublished\":\"2025-03-07T11:20:52+00:00\",\"dateModified\":\"2026-02-24T08:48:55+00:00\",\"description\":\"Tippek, tan\u00e1csok, tapasztalatok Kamagra \u00e9s Viagra t\u00e9m\u00e1ban\",\"breadcrumb\":{\"@id\":\"https:\\\/\\\/potenciadoktor.com\\\/potencianovelo-blog\\\/#breadcrumb\"},\"inLanguage\":\"sk-SK\",\"potentialAction\":[{\"@type\":\"ReadAction\",\"target\":[\"https:\\\/\\\/potenciadoktor.com\\\/potencianovelo-blog\\\/\"]}]},{\"@type\":\"BreadcrumbList\",\"@id\":\"https:\\\/\\\/potenciadoktor.com\\\/potencianovelo-blog\\\/#breadcrumb\",\"itemListElement\":[{\"@type\":\"ListItem\",\"position\":1,\"name\":\"Kezd\u0151lap\",\"item\":\"https:\\\/\\\/potenciadoktor.com\\\/\"},{\"@type\":\"ListItem\",\"position\":2,\"name\":\"Potencian\u00f6vel\u0151 blog\"}]},{\"@type\":\"WebSite\",\"@id\":\"https:\\\/\\\/potenciadoktor.com\\\/#website\",\"url\":\"https:\\\/\\\/potenciadoktor.com\\\/\",\"name\":\"Potencia Doktor\",\"description\":\"Kamagra Rendel\u00e9s Gyors Sz\u00e1ll\u00edt\u00e1ssal\",\"publisher\":{\"@id\":\"https:\\\/\\\/potenciadoktor.com\\\/#organization\"},\"potentialAction\":[{\"@type\":\"SearchAction\",\"target\":{\"@type\":\"EntryPoint\",\"urlTemplate\":\"https:\\\/\\\/potenciadoktor.com\\\/?s={search_term_string}\"},\"query-input\":{\"@type\":\"PropertyValueSpecification\",\"valueRequired\":true,\"valueName\":\"search_term_string\"}}],\"inLanguage\":\"sk-SK\"},{\"@type\":\"Organization\",\"@id\":\"https:\\\/\\\/potenciadoktor.com\\\/#organization\",\"name\":\"Potencia Doktor\",\"url\":\"https:\\\/\\\/potenciadoktor.com\\\/\",\"logo\":{\"@type\":\"ImageObject\",\"inLanguage\":\"sk-SK\",\"@id\":\"https:\\\/\\\/potenciadoktor.com\\\/#\\\/schema\\\/logo\\\/image\\\/\",\"url\":\"https:\\\/\\\/potenciadoktor.com\\\/wp-content\\\/uploads\\\/2025\\\/03\\\/potencia_doktor_logo_n.png\",\"contentUrl\":\"https:\\\/\\\/potenciadoktor.com\\\/wp-content\\\/uploads\\\/2025\\\/03\\\/potencia_doktor_logo_n.png\",\"width\":1011,\"height\":316,\"caption\":\"Potencia Doktor\"},\"image\":{\"@id\":\"https:\\\/\\\/potenciadoktor.com\\\/#\\\/schema\\\/logo\\\/image\\\/\"}}]}<\/script>\n<!-- \/ Yoast SEO plugin. -->","yoast_head_json":{"title":"Blog o zvy\u0161ovan\u00ed potencie - Potency Doctor","description":"Tipy, rady, sk\u00fasenosti s Kamagra a Viagra","robots":{"index":"index","follow":"follow","max-snippet":"max-snippet:-1","max-image-preview":"max-image-preview:large","max-video-preview":"max-video-preview:-1"},"canonical":"https:\/\/potenciadoktor.com\/sk\/potencialne-blog\/","og_locale":"sk_SK","og_type":"article","og_title":"Potencian\u00f6vel\u0151 blog - Potencia Doktor","og_description":"Tippek, tan\u00e1csok, tapasztalatok Kamagra \u00e9s Viagra t\u00e9m\u00e1ban","og_url":"https:\/\/potenciadoktor.com\/sk\/potencialne-blog\/","og_site_name":"Potencia Doktor","article_modified_time":"2026-02-24T08:48:55+00:00","twitter_card":"summary_large_image","schema":{"@context":"https:\/\/schema.org","@graph":[{"@type":"WebPage","@id":"https:\/\/potenciadoktor.com\/potencianovelo-blog\/","url":"https:\/\/potenciadoktor.com\/potencianovelo-blog\/","name":"Blog o zvy\u0161ovan\u00ed potencie - Potency Doctor","isPartOf":{"@id":"https:\/\/potenciadoktor.com\/#website"},"datePublished":"2025-03-07T11:20:52+00:00","dateModified":"2026-02-24T08:48:55+00:00","description":"Tipy, rady, sk\u00fasenosti s Kamagra a Viagra","breadcrumb":{"@id":"https:\/\/potenciadoktor.com\/potencianovelo-blog\/#breadcrumb"},"inLanguage":"sk-SK","potentialAction":[{"@type":"ReadAction","target":["https:\/\/potenciadoktor.com\/potencianovelo-blog\/"]}]},{"@type":"BreadcrumbList","@id":"https:\/\/potenciadoktor.com\/potencianovelo-blog\/#breadcrumb","itemListElement":[{"@type":"ListItem","position":1,"name":"Kezd\u0151lap","item":"https:\/\/potenciadoktor.com\/"},{"@type":"ListItem","position":2,"name":"Potencian\u00f6vel\u0151 blog"}]},{"@type":"WebSite","@id":"https:\/\/potenciadoktor.com\/#website","url":"https:\/\/potenciadoktor.com\/","name":"Potencia Doctor","description":"Kamagra Objedn\u00e1vka s r\u00fdchlou dopravou","publisher":{"@id":"https:\/\/potenciadoktor.com\/#organization"},"potentialAction":[{"@type":"SearchAction","target":{"@type":"EntryPoint","urlTemplate":"https:\/\/potenciadoktor.com\/?s={search_term_string}"},"query-input":{"@type":"PropertyValueSpecification","valueRequired":true,"valueName":"search_term_string"}}],"inLanguage":"sk-SK"},{"@type":"Organization","@id":"https:\/\/potenciadoktor.com\/#organization","name":"Potencia Doctor","url":"https:\/\/potenciadoktor.com\/","logo":{"@type":"ImageObject","inLanguage":"sk-SK","@id":"https:\/\/potenciadoktor.com\/#\/schema\/logo\/image\/","url":"https:\/\/potenciadoktor.com\/wp-content\/uploads\/2025\/03\/potencia_doktor_logo_n.png","contentUrl":"https:\/\/potenciadoktor.com\/wp-content\/uploads\/2025\/03\/potencia_doktor_logo_n.png","width":1011,"height":316,"caption":"Potencia Doktor"},"image":{"@id":"https:\/\/potenciadoktor.com\/#\/schema\/logo\/image\/"}}]}},"_links":{"self":[{"href":"https:\/\/potenciadoktor.com\/sk\/wp-json\/wp\/v2\/pages\/662","targetHints":{"allow":["GET"]}}],"collection":[{"href":"https:\/\/potenciadoktor.com\/sk\/wp-json\/wp\/v2\/pages"}],"about":[{"href":"https:\/\/potenciadoktor.com\/sk\/wp-json\/wp\/v2\/types\/page"}],"author":[{"embeddable":true,"href":"https:\/\/potenciadoktor.com\/sk\/wp-json\/wp\/v2\/users\/1"}],"replies":[{"embeddable":true,"href":"https:\/\/potenciadoktor.com\/sk\/wp-json\/wp\/v2\/comments?post=662"}],"version-history":[{"count":9,"href":"https:\/\/potenciadoktor.com\/sk\/wp-json\/wp\/v2\/pages\/662\/revisions"}],"predecessor-version":[{"id":1319,"href":"https:\/\/potenciadoktor.com\/sk\/wp-json\/wp\/v2\/pages\/662\/revisions\/1319"}],"wp:attachment":[{"href":"https:\/\/potenciadoktor.com\/sk\/wp-json\/wp\/v2\/media?parent=662"}],"curies":[{"name":"wp","href":"https:\/\/api.w.org\/{rel}","templated":true}]}}